{"id":5278,"date":"2024-09-10T15:55:22","date_gmt":"2024-09-10T13:55:22","guid":{"rendered":"https:\/\/liquidfeed-france.com\/?page_id=5278"},"modified":"2024-09-18T13:29:20","modified_gmt":"2024-09-18T11:29:20","slug":"politique-de-cookies","status":"publish","type":"page","link":"https:\/\/liquidfeed-france.com\/fr\/politique-de-cookies\/","title":{"rendered":"Politique de cookies"},"content":{"rendered":"<div class=\"fusion-fullwidth fullwidth-box fusion-builder-row-1 fusion-flex-container has-pattern-background has-mask-background nonhundred-percent-fullwidth non-hundred-percent-height-scrolling\" style=\"--awb-border-radius-top-left:0px;--awb-border-radius-top-right:0px;--awb-border-radius-bottom-right:0px;--awb-border-radius-bottom-left:0px;--awb-background-color:rgba(36,36,36,0);--awb-flex-wrap:wrap;\" ><div class=\"fusion-builder-row fusion-row fusion-flex-align-items-flex-start fusion-flex-content-wrap\" style=\"max-width:83.2%;margin-left: calc(-4% \/ 2 );margin-right: calc(-4% \/ 2 );\"><div class=\"fusion-layout-column fusion_builder_column fusion-builder-column-0 fusion_builder_column_1_1 1_1 fusion-flex-column\" style=\"--awb-bg-size:cover;--awb-width-large:100%;--awb-margin-top-large:0px;--awb-spacing-right-large:1.92%;--awb-margin-bottom-large:0px;--awb-spacing-left-large:1.92%;--awb-width-medium:100%;--awb-order-medium:0;--awb-spacing-right-medium:1.92%;--awb-spacing-left-medium:1.92%;--awb-width-small:100%;--awb-order-small:0;--awb-spacing-right-small:1.92%;--awb-spacing-left-small:1.92%;\"><div class=\"fusion-column-wrapper fusion-column-has-shadow fusion-flex-justify-content-flex-start fusion-content-layout-column\"><div class=\"fusion-text fusion-text-1\"><p>Cet avis explique comment <a href=\"https:\/\/www.edfman.com\" target=\"_blank\" rel=\"noopener noreferrer\">E D &amp; F Man Holdings Limited<\/a> et nos soci\u00e9t\u00e9s du groupe (soci\u00e9t\u00e9, nous) utilisent les cookies sur notre site web <a href=\"https:\/\/www.liquidfeed-france.com\">www.liquidfeed-france.com<\/a>. Il explique les types de cookies que nous utilisons et pourquoi, ainsi que comment vous pouvez modifier vos pr\u00e9f\u00e9rences en mati\u00e8re de cookies.<\/p>\n<p>Vous devez lire cet avis sur les cookies parall\u00e8lement \u00e0 nos <a href=\"\/fr\/conditions-dutilisation\/\" target=\"_blank\" rel=\"noopener noreferrer\">conditions d&rsquo;utilisation<\/a> du site web et \u00e0 notre <a href=\"\/fr\/politique-de-confidentialite\/\" target=\"_blank\" rel=\"noopener noreferrer\">politique de confidentialit\u00e9<\/a>.<\/p>\n<\/div><div class=\"fusion-title title fusion-title-1 fusion-sep-none fusion-title-text fusion-title-size-four\"><h4 class=\"fusion-title-heading title-heading-left fusion-responsive-typography-calculated\" style=\"margin:0;--fontSize:16;--minFontSize:16;line-height:1.6;\">1. Qu&rsquo;est-ce qu&rsquo;un cookie ?<\/h4><\/div><div class=\"fusion-text fusion-text-2\"><p>Un cookie est un fichier texte qui est stock\u00e9 sur votre ordinateur ou appareil lorsque vous visitez un site Web. Ils sont g\u00e9n\u00e9ralement utilis\u00e9s pour faire fonctionner les sites Web, ou pour les rendre plus efficaces, ainsi que pour fournir des informations sur votre utilisation du site Web et pour afficher du contenu et des publicit\u00e9s qui vous concernent.<\/p>\n<p>D&rsquo;autres technologies fonctionnent de mani\u00e8re similaire mais utilisent des noms diff\u00e9rents : par exemple, pixels, balises, tags, scripts, plug-ins de m\u00e9dias sociaux, techniques d&#8217;empreintes digitales d&rsquo;appareils. Dans cet avis sur les cookies, nous utilisons le terme \u00ab cookie \u00bb pour d\u00e9signer toutes les technologies similaires.<\/p>\n<\/div><div class=\"fusion-title title fusion-title-2 fusion-sep-none fusion-title-text fusion-title-size-four\"><h4 class=\"fusion-title-heading title-heading-left fusion-responsive-typography-calculated\" style=\"margin:0;--fontSize:16;--minFontSize:16;line-height:1.6;\">2. Pourquoi utilisons-nous des cookies ?<\/h4><\/div><div class=\"fusion-text fusion-text-3\"><p>Nous (et nos partenaires, y compris les partenaires marketing) utilisons des cookies \u00e0 diverses fins : analyser les tendances, administrer les services, m\u00e9moriser vos pr\u00e9f\u00e9rences, suivre les mouvements des utilisateurs sur notre site Web, recueillir des informations d\u00e9mographiques sur notre base d&rsquo;utilisateurs dans son ensemble, vous permettre de naviguer plus efficacement entre les pages Web, nous aider \u00e0 comprendre comment notre site Web est utilis\u00e9 afin que nous puissions l&rsquo;am\u00e9liorer. L&rsquo;objectif de chaque cookie que nous utilisons est d\u00e9fini ci-dessous.<\/p>\n<\/div><div class=\"fusion-title title fusion-title-3 fusion-sep-none fusion-title-text fusion-title-size-four\"><h4 class=\"fusion-title-heading title-heading-left fusion-responsive-typography-calculated\" style=\"margin:0;--fontSize:16;--minFontSize:16;line-height:1.6;\">3. Quels cookies utilisons-nous et combien de temps resteront-ils sur mon appareil ?<\/h4><\/div><div class=\"fusion-text fusion-text-4\"><p>Nous utilisons quatre types de cookies : les cookies strictement n\u00e9cessaires, les cookies de performance, les cookies de fonctionnalit\u00e9 (y compris pour les m\u00e9dias sociaux) et les cookies publicitaires. Chaque type de cookie a un objectif diff\u00e9rent.<\/p>\n<p>Certains cookies sont d\u00e9finis par nous (appel\u00e9s cookies propri\u00e9taires).<\/p>\n<p>D&rsquo;autres cookies sont d\u00e9finis par le site Web d&rsquo;une autre organisation (appel\u00e9s cookies tiers). Pour les cookies tiers, nous n&rsquo;avons pas acc\u00e8s ni contr\u00f4le sur ces technologies. Nous ne lions pas les informations collect\u00e9es par des tiers aux informations personnelles de nos clients ou utilisateurs.<\/p>\n<p>Un cookie peut \u00eatre un cookie de session ou un cookie persistant. Un cookie de session est stock\u00e9 temporairement sur votre ordinateur ou appareil pendant que vous utilisez le site Web et est supprim\u00e9 lorsque vous fermez votre navigateur Internet. Un cookie persistant reste sur votre ordinateur ou appareil apr\u00e8s la fermeture de votre navigateur, afin que nous puissions nous souvenir si vous avez d\u00e9j\u00e0 visit\u00e9 notre site Web ou quelles sont vos pr\u00e9f\u00e9rences [ou pour suivre vos actions sur diff\u00e9rents sites Web afin de cibler la publicit\u00e9 qui vous est destin\u00e9e]. Selon le type de cookie, la dur\u00e9e pendant laquelle le cookie persistant reste sur votre ordinateur ou appareil est indiqu\u00e9e ci-dessous.<\/p>\n<\/div><div class=\"fusion-title title fusion-title-4 fusion-sep-none fusion-title-text fusion-title-size-six\"><h6 class=\"fusion-title-heading title-heading-left fusion-responsive-typography-calculated\" style=\"margin:0;--fontSize:11;--minFontSize:11;line-height:1.5;\">3.1. Cookies techniques ou fonctionnels<\/h6><\/div><div class=\"fusion-text fusion-text-5\"><p>Certains cookies assurent le bon fonctionnement de certaines parties du site Internet et la prise en compte de vos pr\u00e9f\u00e9rences en tant qu&rsquo;utilisateur. En pla\u00e7ant des cookies fonctionnels, nous facilitons votre visite sur notre site Internet. De cette fa\u00e7on, vous n&rsquo;avez pas besoin de saisir \u00e0 plusieurs reprises les m\u00eames informations lors de votre visite sur notre site Internet et, par exemple, les articles restent dans votre panier jusqu&rsquo;\u00e0 ce que vous ayez pay\u00e9. Nous pouvons placer ces cookies sans votre consentement.<\/p>\n<\/div>\n<div class=\"table-1\" style=\"--awb-margin-bottom:20px;\">\n<table width=\"100%\">\n<thead>\n<tr>\n<th align=\"left\">Nom du cookie<\/th>\n<th align=\"left\">P\u00e9riode d&rsquo;expiration<\/th>\n<th align=\"left\">Qui place le Cookie ?<\/th>\n<\/tr>\n<\/thead>\n<tbody>\n<tr>\n<td align=\"left\"><a href=\"https:\/\/cookiedatabase.org\/cookie\/google-recaptcha\/_grecaptcha\/\" target=\"_blank\" rel=\"noopener noreferrer nofollow\">_grecaptcha<\/a><\/td>\n<td align=\"left\">session<\/td>\n<td align=\"left\">Google reCaptcha<\/td>\n<\/tr>\n<tr>\n<td align=\"left\"><a href=\"https:\/\/cookiedatabase.org\/cookie\/youtube\/visitor_info1_live\/\" target=\"_blank\" rel=\"noopener noreferrer nofollow\">VISITOR_INFO1_LIVE<\/a><\/td>\n<td align=\"left\">6 mois<\/td>\n<td align=\"left\">YouTube<\/td>\n<\/tr>\n<tr>\n<td align=\"left\"><a href=\"https:\/\/cookiedatabase.org\/cookie\/complianz\/cmplz_policy_id\/\" target=\"_blank\" rel=\"noopener noreferrer nofollow\">cmplz_policy_id<\/a><\/td>\n<td align=\"left\">1 ann\u00e9e<\/td>\n<td align=\"left\">Complianz Plugin<\/td>\n<\/tr>\n<tr>\n<td align=\"left\"><a href=\"https:\/\/cookiedatabase.org\/cookie\/complianz\/cmplz_marketing\/\" target=\"_blank\" rel=\"noopener noreferrer nofollow\">cmplz_marketing<\/a><\/td>\n<td align=\"left\">1 ann\u00e9e<\/td>\n<td align=\"left\">Complianz Plugin<\/td>\n<\/tr>\n<tr>\n<td align=\"left\"><a href=\"https:\/\/cookiedatabase.org\/cookie\/complianz\/cmplz_banner-status\/\" target=\"_blank\" rel=\"noopener noreferrer nofollow\">cmplz_banner-status<\/a><\/td>\n<td align=\"left\">1 ann\u00e9e<\/td>\n<td align=\"left\">Complianz Plugin<\/td>\n<\/tr>\n<tr>\n<td align=\"left\">ARRAffinity<\/td>\n<td align=\"left\">1 ann\u00e9e<\/td>\n<td align=\"left\">Microsoft Azure<\/td>\n<\/tr>\n<tr>\n<td align=\"left\">ARRAffinitySameSite<\/td>\n<td align=\"left\">1 ann\u00e9e<\/td>\n<td align=\"left\">Microsoft Azure<\/td>\n<\/tr>\n<\/tbody>\n<\/table>\n<\/div>\n<div class=\"fusion-title title fusion-title-5 fusion-sep-none fusion-title-text fusion-title-size-six\"><h6 class=\"fusion-title-heading title-heading-left fusion-responsive-typography-calculated\" style=\"margin:0;--fontSize:11;--minFontSize:11;line-height:1.5;\">3.2. Cookies statistiques<\/h6><\/div><div class=\"fusion-text fusion-text-6\"><p>Ces cookies nous aident \u00e0 am\u00e9liorer le fonctionnement de notre site Internet. Par exemple, ils collectent des informations qui nous permettent de compter le nombre de visiteurs sur notre site Internet et de voir comment les visiteurs naviguent sur notre site Internet.<\/p>\n<\/div>\n<div class=\"table-1\" style=\"--awb-margin-bottom:20px;\">\n<table width=\"100%\">\n<thead>\n<tr>\n<th align=\"left\">Nom du cookie<\/th>\n<th align=\"left\">P\u00e9riode d&rsquo;expiration<\/th>\n<th align=\"left\">Qui place le Cookie ?<\/th>\n<\/tr>\n<\/thead>\n<tbody>\n<tr>\n<td align=\"left\"><a href=\"https:\/\/cookiedatabase.org\/cookie\/google-analytics\/_ga\/\" target=\"_blank\" rel=\"noopener noreferrer nofollow\">_ga<\/a><\/td>\n<td align=\"left\">2 ann\u00e9es<\/td>\n<td align=\"left\">Google Analytics<\/td>\n<\/tr>\n<tr>\n<td align=\"left\"><a href=\"https:\/\/cookiedatabase.org\/cookie\/google-analytics\/_ga_\/\" target=\"_blank\" rel=\"noopener noreferrer nofollow\">_ga_*<\/a><\/td>\n<td align=\"left\">1 ann\u00e9e<\/td>\n<td align=\"left\">Google Analytics<\/td>\n<\/tr>\n<\/tbody>\n<\/table>\n<\/div>\n<div class=\"fusion-title title fusion-title-6 fusion-sep-none fusion-title-text fusion-title-size-six\"><h6 class=\"fusion-title-heading title-heading-left fusion-responsive-typography-calculated\" style=\"margin:0;--fontSize:11;--minFontSize:11;line-height:1.5;\">3.3. Cookies de marketing\/suivi<\/h6><\/div><div class=\"fusion-text fusion-text-7\"><p>Ces cookies permettent au site Web de m\u00e9moriser les choix que vous avez effectu\u00e9s, tels que votre nom d&rsquo;utilisateur, votre langue, la r\u00e9gion dans laquelle vous vous trouvez, afin de vous offrir une exp\u00e9rience plus enrichie et personnalis\u00e9e.<\/p>\n<p>Nous utilisons \u00e9galement des cookies HTTP pour personnaliser votre exp\u00e9rience utilisateur, m\u00e9moriser vos param\u00e8tres et surveiller l&rsquo;utilisation et l&rsquo;efficacit\u00e9 de nos services.<\/p>\n<\/div>\n<div class=\"table-1\" style=\"--awb-margin-bottom:20px;\">\n<table width=\"100%\">\n<thead>\n<tr>\n<th align=\"left\">Nom du cookie<\/th>\n<th align=\"left\">P\u00e9riode d&rsquo;expiration<\/th>\n<th align=\"left\">Qui place le Cookie ?<\/th>\n<\/tr>\n<\/thead>\n<tbody>\n<tr>\n<td align=\"left\"><a href=\"https:\/\/cookiedatabase.org\/cookie\/google-recaptcha\/_grecaptcha\/\" target=\"_blank\" rel=\"noopener noreferrer nofollow\">_grecaptcha<\/a><\/td>\n<td align=\"left\">session<\/td>\n<td align=\"left\">Google reCaptcha<\/td>\n<\/tr>\n<tr>\n<td align=\"left\"><a href=\"https:\/\/cookiedatabase.org\/cookie\/google-recaptcha\/rcb\/\" target=\"_blank\" rel=\"noopener noreferrer nofollow\">rc::b<\/a><\/td>\n<td align=\"left\">session<\/td>\n<td align=\"left\">Google reCaptcha<\/td>\n<\/tr>\n<tr>\n<td align=\"left\"><a href=\"https:\/\/cookiedatabase.org\/cookie\/google-recaptcha\/rca\/\" target=\"_blank\" rel=\"noopener noreferrer nofollow\">rc::a<\/a><\/td>\n<td align=\"left\">session<\/td>\n<td align=\"left\">Google reCaptcha<\/td>\n<\/tr>\n<tr>\n<td align=\"left\"><a href=\"https:\/\/cookiedatabase.org\/cookie\/google-fonts\/tcb_google_fonts\/\" target=\"_blank\" rel=\"noopener noreferrer nofollow\">Google Fonts API<\/a><\/td>\n<td align=\"left\">expire imm\u00e9diatement<\/td>\n<td align=\"left\">Google Fonts<\/td>\n<\/tr>\n<tr>\n<td align=\"left\"><a href=\"https:\/\/cookiedatabase.org\/cookie\/google-maps\/google-maps-api\/\" target=\"_blank\" rel=\"noopener noreferrer nofollow\">Google Maps API<\/a><\/td>\n<td align=\"left\">expire imm\u00e9diatement<\/td>\n<td align=\"left\">Google Maps<\/td>\n<\/tr>\n<tr>\n<td align=\"left\"><a href=\"https:\/\/cookiedatabase.org\/cookie\/youtube\/gps\/\" target=\"_blank\" rel=\"noopener noreferrer nofollow\">GPS<\/a><\/td>\n<td align=\"left\">session<\/td>\n<td align=\"left\">Youtube<\/td>\n<\/tr>\n<tr>\n<td align=\"left\"><a href=\"https:\/\/cookiedatabase.org\/cookie\/youtube\/ysc\/\" target=\"_blank\" rel=\"noopener noreferrer nofollow\">YSC<\/a><\/td>\n<td align=\"left\">session<\/td>\n<td align=\"left\">Youtube<\/td>\n<\/tr>\n<tr>\n<td align=\"left\"><a href=\"https:\/\/cookiedatabase.org\/cookie\/youtube\/pref\/\" target=\"_blank\" rel=\"noopener noreferrer nofollow\">PREF<\/a><\/td>\n<td align=\"left\">8 mois<\/td>\n<td align=\"left\">Youtube<\/td>\n<\/tr>\n<\/tbody>\n<\/table>\n<\/div>\n<div class=\"fusion-title title fusion-title-7 fusion-sep-none fusion-title-text fusion-title-size-six\"><h6 class=\"fusion-title-heading title-heading-left fusion-responsive-typography-calculated\" style=\"margin:0;--fontSize:11;--minFontSize:11;line-height:1.5;\">3.4. Plugins de m\u00e9dias sociaux<\/h6><\/div><div class=\"fusion-text fusion-text-8\"><p>Notre site Web dispose \u00e9galement de plug-ins de m\u00e9dias sociaux. Un plug-in vous permet de partager le contenu de notre site Web via votre compte de m\u00e9dias sociaux ou de partager facilement des informations avec d&rsquo;autres. Nous sommes pr\u00e9sents sur Facebook, Twitter, Instagram, LinkedIn et YouTube.<\/p>\n<p>Si vous cliquez sur l&rsquo;une des ic\u00f4nes de m\u00e9dias sociaux sur notre site Web, vous serez redirig\u00e9 vers nos pages sur ces plateformes.<\/p>\n<p>La plateforme peut alors commencer \u00e0 suivre votre comportement \u00e0 l&rsquo;aide de cookies \u00e0 ses propres fins; par exemple, pour mieux comprendre vos int\u00e9r\u00eats afin de pouvoir vous pr\u00e9senter du contenu ou de la publicit\u00e9 pertinents.<\/p>\n<p>Des donn\u00e9es vous concernant peuvent \u00e9galement \u00eatre transmises au canal de m\u00e9dias sociaux m\u00eame si vous ne cliquez pas sur le plug-in.<\/p>\n<p>Les plateformes de m\u00e9dias sociaux nous fourniront des informations statistiques, que nous utiliserons pour nous aider \u00e0 comprendre comment vous et nos autres utilisateurs interagissez avec notre pr\u00e9sence sur les m\u00e9dias sociaux.<\/p>\n<p>Toutes ces plateformes vous offrent un certain contr\u00f4le sur leur utilisation de la technologie de suivi non essentielle et vous pouvez trouver des d\u00e9tails sur la mani\u00e8re d&rsquo;exercer ce contr\u00f4le en consultant leurs avis de confidentialit\u00e9 et de cookies.<\/p>\n<p>Nous avons des accords contractuels en place avec les canaux de m\u00e9dias sociaux que nous utilisons. Veuillez nous contacter pour plus d&rsquo;informations via la section Coordonn\u00e9es ci-dessous.<\/p>\n<\/div><div class=\"fusion-title title fusion-title-8 fusion-sep-none fusion-title-text fusion-title-size-four\"><h4 class=\"fusion-title-heading title-heading-left fusion-responsive-typography-calculated\" style=\"margin:0;--fontSize:16;--minFontSize:16;line-height:1.6;\">4. Comment modifier vos pr\u00e9f\u00e9rences en mati\u00e8re de cookies<\/h4><\/div><div class=\"fusion-text fusion-text-9\"><p>Lorsque vous visitez notre site Web pour la premi\u00e8re fois, nous vous montrerons une fen\u00eatre contextuelle avec une explication sur les cookies. D\u00e8s que vous cliquez sur \u00ab Enregistrer les pr\u00e9f\u00e9rences \u00bb, vous consentez \u00e0 ce que nous utilisions les cat\u00e9gories de cookies et de plug-ins que vous avez s\u00e9lectionn\u00e9s dans la fen\u00eatre contextuelle, comme d\u00e9crit dans la pr\u00e9sente politique relative aux cookies. Vous pouvez d\u00e9sactiver l&rsquo;utilisation des cookies via votre navigateur, mais veuillez noter que notre site Web risque de ne plus fonctionner correctement.<\/p>\n<p>Alternativement, la plupart des navigateurs Web permettent un certain contr\u00f4le de la plupart des cookies via les param\u00e8tres du navigateur. D\u00e9couvrez comment g\u00e9rer les cookies sur les navigateurs les plus populaires:<\/p>\n<ul>\n<li><a href=\"https:\/\/support.google.com\/accounts\/answer\/61416?co=GENIE.Platform%3DDesktop&amp;hl=en\" target=\"_blank\" rel=\"noopener\">Google Chrome<\/a><\/li>\n<li><a href=\"https:\/\/privacy.microsoft.com\/en-us\/windows-10-microsoft-edge-and-privacy\" target=\"_blank\" rel=\"noopener\">Microsoft Edge<\/a><\/li>\n<li><a href=\"https:\/\/support.mozilla.org\/en-US\/kb\/enable-and-disable-cookies-website-preferences\" target=\"_blank\" rel=\"noopener\">Mozilla Firefox<\/a><\/li>\n<li><a href=\"https:\/\/support.microsoft.com\/en-gb\/help\/17442\/windows-internet-explorer-delete-manage-cookies\" target=\"_blank\" rel=\"noopener\">Microsoft Internet Explorer<\/a><\/li>\n<li><a href=\"https:\/\/www.opera.com\/help\/tutorials\/security\/privacy\/\" target=\"_blank\" rel=\"noopener\">Opera<\/a><\/li>\n<li><a href=\"https:\/\/support.apple.com\/en-gb\/safari\" target=\"_blank\" rel=\"noopener\">Apple Safari<\/a><\/li>\n<\/ul>\n<p>Si vous utilisez un smartphone, vous pouvez g\u00e9n\u00e9ralement emp\u00eacher le suivi intersite et bloquer les cookies dans la section des param\u00e8tres de votre appareil. Vous pouvez \u00e9galement visiter des sites Web sans laisser d&rsquo;historique en activant la navigation priv\u00e9e. Vous devez consulter la section d&rsquo;assistance du navigateur sur votre appareil pour plus d&rsquo;informations sur la mani\u00e8re de proc\u00e9der.<\/p>\n<\/div><div class=\"fusion-title title fusion-title-9 fusion-sep-none fusion-title-text fusion-title-size-four\"><h4 class=\"fusion-title-heading title-heading-left fusion-responsive-typography-calculated\" style=\"margin:0;--fontSize:16;--minFontSize:16;line-height:1.6;\">5. Modifications de cette politique de confidentialit\u00e9<\/h4><\/div><div class=\"fusion-text fusion-text-10\"><p>Nous vous informerons de toute modification apport\u00e9e \u00e0 cette politique de confidentialit\u00e9 en la publiant sur cette page et en mettant \u00e0 jour les tableaux de cookies ci-dessus.<\/p>\n<p>Cette version de notre politique de confidentialit\u00e9 a \u00e9t\u00e9 mise \u00e0 jour le 9 f\u00e9vrier 2023.<\/p>\n<\/div><div class=\"fusion-title title fusion-title-10 fusion-sep-none fusion-title-text fusion-title-size-four\"><h4 class=\"fusion-title-heading title-heading-left fusion-responsive-typography-calculated\" style=\"margin:0;--fontSize:16;--minFontSize:16;line-height:1.6;\">6. Contactez-nous<\/h4><\/div><div class=\"fusion-text fusion-text-11\"><p>Si vous avez des questions sur la politique de confidentialit\u00e9, veuillez nous contacter \u00e0 l&rsquo;adresse <a href=\"mailto:dataprotection@edfman.co\">dataprotection@edfman.co<\/a>m<\/p>\n<\/div><\/div><\/div><\/div><\/div>\n","protected":false},"excerpt":{"rendered":"","protected":false},"author":5,"featured_media":0,"parent":0,"menu_order":0,"comment_status":"closed","ping_status":"closed","template":"","meta":{"footnotes":""},"class_list":["post-5278","page","type-page","status-publish","hentry"],"aioseo_notices":[],"_links":{"self":[{"href":"https:\/\/liquidfeed-france.com\/fr\/wp-json\/wp\/v2\/pages\/5278","targetHints":{"allow":["GET"]}}],"collection":[{"href":"https:\/\/liquidfeed-france.com\/fr\/wp-json\/wp\/v2\/pages"}],"about":[{"href":"https:\/\/liquidfeed-france.com\/fr\/wp-json\/wp\/v2\/types\/page"}],"author":[{"embeddable":true,"href":"https:\/\/liquidfeed-france.com\/fr\/wp-json\/wp\/v2\/users\/5"}],"replies":[{"embeddable":true,"href":"https:\/\/liquidfeed-france.com\/fr\/wp-json\/wp\/v2\/comments?post=5278"}],"version-history":[{"count":5,"href":"https:\/\/liquidfeed-france.com\/fr\/wp-json\/wp\/v2\/pages\/5278\/revisions"}],"predecessor-version":[{"id":5298,"href":"https:\/\/liquidfeed-france.com\/fr\/wp-json\/wp\/v2\/pages\/5278\/revisions\/5298"}],"wp:attachment":[{"href":"https:\/\/liquidfeed-france.com\/fr\/wp-json\/wp\/v2\/media?parent=5278"}],"curies":[{"name":"wp","href":"https:\/\/api.w.org\/{rel}","templated":true}]}}