{"id":4840,"date":"2018-12-19T12:21:02","date_gmt":"2018-12-19T12:21:02","guid":{"rendered":"https:\/\/liquidfeed-france.com\/bovin-viande\/"},"modified":"2018-12-19T12:21:02","modified_gmt":"2018-12-19T12:21:02","slug":"bovin-viande","status":"publish","type":"page","link":"https:\/\/liquidfeed-france.com\/fr\/sur-nos-aliments-liquides\/bovin-viande\/","title":{"rendered":"Bovin viande"},"content":{"rendered":"<p><div class=\"fusion-bg-parallax\" data-bg-align=\"center center\" data-direction=\"down\" data-mute=\"false\" data-opacity=\"100\" data-velocity=\"-0.5\" data-mobile-enabled=\"true\" data-break_parents=\"0\" data-bg-image=\"https:\/\/liquidfeed-france.com\/wp-content\/uploads\/2020\/02\/Banner-beef-1024x282.jpg\" data-bg-repeat=\"false\" data-bg-color=\"#ffffff\" ><\/div><div class=\"fusion-fullwidth fullwidth-box fusion-builder-row-1 fusion-flex-container fusion-parallax-down hundred-percent-fullwidth non-hundred-percent-height-scrolling lazyload\" style=\"--awb-border-color:#e9edf4;--awb-border-radius-top-left:0px;--awb-border-radius-top-right:0px;--awb-border-radius-bottom-right:0px;--awb-border-radius-bottom-left:0px;--awb-padding-top:7%;--awb-padding-right:5%;--awb-padding-bottom:7%;--awb-padding-left:5%;--awb-background-color:#ffffff;--awb-background-size:cover;--awb-border-sizes-top:0px;--awb-border-sizes-bottom:0px;--awb-flex-wrap:wrap;\" data-bg=\"https:\/\/liquidfeed-france.com\/wp-content\/uploads\/2020\/02\/Banner-beef-1024x282.jpg\" ><div class=\"fusion-builder-row fusion-row fusion-flex-align-items-flex-start fusion-flex-content-wrap\" style=\"width:calc( 100% + 0px ) !important;max-width:calc( 100% + 0px ) !important;margin-left: calc(-0px \/ 2 );margin-right: calc(-0px \/ 2 );\"><div class=\"fusion-layout-column fusion_builder_column fusion-builder-column-0 fusion_builder_column_1_1 1_1 fusion-flex-column fusion-flex-align-self-flex-start fusion-column-no-min-height\" style=\"--awb-bg-size:cover;--awb-width-large:100%;--awb-margin-top-large:0px;--awb-spacing-right-large:0px;--awb-margin-bottom-large:0px;--awb-spacing-left-large:0px;--awb-width-medium:100%;--awb-spacing-right-medium:0px;--awb-spacing-left-medium:0px;--awb-width-small:100%;--awb-spacing-right-small:0px;--awb-spacing-left-small:0px;\"><div class=\"fusion-column-wrapper fusion-flex-justify-content-flex-start fusion-content-layout-column\"><div class=\"fusion-text fusion-text-1\"><h3 style=\"text-align: center;\"><span style=\"color: #fff; font-size: 24pt;\">BOVINS VIANDE<\/span><\/h3>\n<\/div><\/div><\/div><\/div><\/div><div id=\"beyond-molasses\" class=\"fusion-container-anchor\"><div class=\"fusion-fullwidth fullwidth-box fusion-builder-row-2 fusion-flex-container nonhundred-percent-fullwidth non-hundred-percent-height-scrolling\" style=\"--awb-background-position:left top;--awb-border-color:#ffffff;--awb-border-radius-top-left:0px;--awb-border-radius-top-right:0px;--awb-border-radius-bottom-right:0px;--awb-border-radius-bottom-left:0px;--awb-padding-top:0px;--awb-padding-right:0px;--awb-padding-bottom:0px;--awb-padding-left:0px;--awb-background-color:#ffffff;--awb-border-sizes-top:0px;--awb-border-sizes-bottom:0px;--awb-flex-wrap:wrap;\" ><div class=\"fusion-builder-row fusion-row fusion-flex-align-items-stretch fusion-flex-content-wrap\" style=\"max-width:calc( 80% + 0px );margin-left: calc(-0px \/ 2 );margin-right: calc(-0px \/ 2 );\"><div class=\"fusion-layout-column fusion_builder_column fusion-builder-column-1 fusion_builder_column_1_1 1_1 fusion-flex-column\" style=\"--awb-padding-top:3%;--awb-bg-size:cover;--awb-width-large:100%;--awb-margin-top-large:0px;--awb-spacing-right-large:0px;--awb-margin-bottom-large:0px;--awb-spacing-left-large:0px;--awb-width-medium:100%;--awb-spacing-right-medium:0px;--awb-spacing-left-medium:0px;--awb-width-small:100%;--awb-spacing-right-small:0px;--awb-spacing-left-small:0px;\"><div class=\"fusion-column-wrapper fusion-column-has-shadow fusion-flex-justify-content-flex-start fusion-content-layout-column\"><div class=\"fusion-title title fusion-title-1 fusion-sep-none fusion-title-center fusion-title-text fusion-title-size-three\"><h3 class=\"fusion-title-heading title-heading-center fusion-responsive-typography-calculated\" style=\"margin:0;--fontSize:22;line-height:1.3;\"><p style=\"text-align: center;\"><span style=\"color: #000000; font-size: 18pt;\">B\u00c9N\u00c9FICES POUR VOS BOVINS VIANDE<\/span><\/p><\/h3><\/div><div class=\"fusion-text fusion-text-2\"><p style=\"text-align: center;\"><span style=\"font-size: 14pt;\">D\u00e9couvrez les plus-values des produits Liquid Feed pour chaque phase<\/span><\/p>\n<\/div><\/div><\/div><\/div><\/div><\/div><div id=\"beyond-molasses\" class=\"fusion-container-anchor\"><div class=\"fusion-fullwidth fullwidth-box fusion-builder-row-3 fusion-flex-container nonhundred-percent-fullwidth non-hundred-percent-height-scrolling\" style=\"--awb-background-position:left top;--awb-border-color:#ffffff;--awb-border-radius-top-left:0px;--awb-border-radius-top-right:0px;--awb-border-radius-bottom-right:0px;--awb-border-radius-bottom-left:0px;--awb-padding-top:0px;--awb-padding-right:0px;--awb-padding-bottom:5%;--awb-padding-left:0px;--awb-background-color:#ffffff;--awb-border-sizes-top:0px;--awb-border-sizes-bottom:0px;--awb-flex-wrap:wrap;\" ><div class=\"fusion-builder-row fusion-row fusion-flex-align-items-stretch fusion-flex-content-wrap\" style=\"max-width:83.2%;margin-left: calc(-4% \/ 2 );margin-right: calc(-4% \/ 2 );\"><div class=\"fusion-layout-column fusion_builder_column fusion-builder-column-2 fusion_builder_column_1_4 1_4 fusion-flex-column\" style=\"--awb-bg-size:cover;--awb-width-large:25%;--awb-margin-top-large:0px;--awb-spacing-right-large:7.68%;--awb-margin-bottom-large:0px;--awb-spacing-left-large:7.68%;--awb-width-medium:100%;--awb-spacing-right-medium:1.92%;--awb-spacing-left-medium:1.92%;--awb-width-small:100%;--awb-spacing-right-small:1.92%;--awb-spacing-left-small:1.92%;\"><div class=\"fusion-column-wrapper fusion-column-has-shadow fusion-flex-justify-content-flex-start fusion-content-layout-column\"><div class=\"accordian fusion-accordian\" style=\"--awb-border-size:1px;--awb-icon-size:14px;--awb-content-font-size:14px;--awb-icon-alignment:left;--awb-hover-color:#f9f9f9;--awb-border-color:#ffffff;--awb-background-color:#008866;--awb-divider-color:#3e3e3e;--awb-divider-hover-color:#3e3e3e;--awb-icon-color:#ffffff;--awb-title-color:#000000;--awb-content-color:#000000;--awb-icon-box-color:#3e3e3e;--awb-toggle-hover-accent-color:#008866;--awb-title-font-family:&quot;Raleway&quot;;--awb-title-font-weight:400;--awb-title-font-style:normal;--awb-title-font-size:19px;--awb-content-font-family:&quot;Raleway&quot;;--awb-content-font-style:normal;--awb-content-font-weight:300;\"><div class=\"panel-group fusion-toggle-icon-boxed\" id=\"accordion-4840-1\"><div class=\"fusion-panel panel-default panel-ab06468d669d3b06e fusion-toggle-no-divider fusion-toggle-boxed-mode\"><div class=\"panel-heading\"><h4 class=\"panel-title toggle\" id=\"toggle_ab06468d669d3b06e\"><a aria-expanded=\"false\" aria-controls=\"ab06468d669d3b06e\" role=\"button\" data-toggle=\"collapse\" data-target=\"#ab06468d669d3b06e\" href=\"#ab06468d669d3b06e\"><span class=\"fusion-toggle-icon-wrapper\" aria-hidden=\"true\"><i class=\"fa-fusion-box active-icon awb-icon-minus\" aria-hidden=\"true\"><\/i><i class=\"fa-fusion-box inactive-icon awb-icon-plus\" aria-hidden=\"true\"><\/i><\/span><span class=\"fusion-toggle-heading\">Vaches gestantes et allaitantes<\/span><\/a><\/h4><\/div><div id=\"ab06468d669d3b06e\" class=\"panel-collapse collapse \" aria-labelledby=\"toggle_ab06468d669d3b06e\"><div class=\"panel-body toggle-content fusion-clearfix\"><span style=\"font-size: 14pt; color: #000000;\"><span class=\"s1\">Les produits Liquid Feed riches en \u00e9nergie pemettent de couvrir les besoins accrus en fin de gestation et apr\u00e8s le v\u00ealage, tout en favorisant l&rsquo;\u00e9quilibre du rumen.<\/span><\/span><\/p>\n<ul>\n<li class=\"p1\"><span class=\"s1\" style=\"font-size: 14pt; color: #000000;\">maintien de l&rsquo;ingestion autour du v\u00ealage<\/span><\/li>\n<li><span class=\"s1\" style=\"font-size: 14pt; color: #000000;\">apport de diff\u00e9rents types d&rsquo;\u00e9nergie<\/span><\/li>\n<li><span class=\"s1\" style=\"font-size: 14pt; color: #000000;\">augmentation de l&rsquo;app\u00e9tence de la ration<\/span><\/li>\n<\/ul>\n<\/div><\/div><\/div><\/div><\/div><\/div><\/div><div class=\"fusion-layout-column fusion_builder_column fusion-builder-column-3 fusion_builder_column_1_4 1_4 fusion-flex-column\" style=\"--awb-bg-size:cover;--awb-width-large:25%;--awb-margin-top-large:0px;--awb-spacing-right-large:7.68%;--awb-margin-bottom-large:0px;--awb-spacing-left-large:7.68%;--awb-width-medium:100%;--awb-spacing-right-medium:1.92%;--awb-spacing-left-medium:1.92%;--awb-width-small:100%;--awb-spacing-right-small:1.92%;--awb-spacing-left-small:1.92%;\"><div class=\"fusion-column-wrapper fusion-column-has-shadow fusion-flex-justify-content-flex-start fusion-content-layout-column\"><div class=\"accordian fusion-accordian\" style=\"--awb-border-size:1px;--awb-icon-size:14px;--awb-content-font-size:14px;--awb-icon-alignment:left;--awb-hover-color:#f9f9f9;--awb-border-color:#ffffff;--awb-background-color:#008866;--awb-divider-color:#3e3e3e;--awb-divider-hover-color:#3e3e3e;--awb-icon-color:#ffffff;--awb-title-color:#000000;--awb-content-color:#000000;--awb-icon-box-color:#3e3e3e;--awb-toggle-hover-accent-color:#008866;--awb-title-font-family:&quot;Raleway&quot;;--awb-title-font-weight:400;--awb-title-font-style:normal;--awb-title-font-size:19px;--awb-content-font-family:&quot;Raleway&quot;;--awb-content-font-style:normal;--awb-content-font-weight:300;\"><div class=\"panel-group fusion-toggle-icon-boxed\" id=\"accordion-4840-2\"><div class=\"fusion-panel panel-default panel-1ee3c84a1eddf41ab fusion-toggle-no-divider fusion-toggle-boxed-mode\"><div class=\"panel-heading\"><h4 class=\"panel-title toggle\" id=\"toggle_1ee3c84a1eddf41ab\"><a aria-expanded=\"false\" aria-controls=\"1ee3c84a1eddf41ab\" role=\"button\" data-toggle=\"collapse\" data-target=\"#1ee3c84a1eddf41ab\" href=\"#1ee3c84a1eddf41ab\"><span class=\"fusion-toggle-icon-wrapper\" aria-hidden=\"true\"><i class=\"fa-fusion-box active-icon awb-icon-minus\" aria-hidden=\"true\"><\/i><i class=\"fa-fusion-box inactive-icon awb-icon-plus\" aria-hidden=\"true\"><\/i><\/span><span class=\"fusion-toggle-heading\">Adaptation<\/span><\/a><\/h4><\/div><div id=\"1ee3c84a1eddf41ab\" class=\"panel-collapse collapse \" aria-labelledby=\"toggle_1ee3c84a1eddf41ab\"><div class=\"panel-body toggle-content fusion-clearfix\">\n<p><span style=\"font-size: 14pt; color: #000000;\"><span class=\"s1\">Les produits Liquid Feed sont un alli\u00e9 pr\u00e9cieux pour encourager les jeunes bovins tout juste arriv\u00e9s \u00e0 reprendre de l&rsquo;app\u00e9tit et restaurer rapidement le fonctionnement optimal du rumen.<\/span><\/span><\/p>\n<ul>\n<li><span class=\"s1\" style=\"font-size: 14pt; color: #000000;\">am\u00e9lioration de l&rsquo;app\u00e9tence des rations<\/span><\/li>\n<li><span class=\"s1\" style=\"font-size: 14pt; color: #000000;\">stimulation de l&rsquo;ingestion des fourrages <\/span><\/li>\n<li><span class=\"s1\" style=\"font-size: 14pt; color: #000000;\">r\u00e9duction de la poussi\u00e8re de la ration<\/span><\/li>\n<\/ul>\n<\/div><\/div><\/div><\/div><\/div><\/div><\/div><div class=\"fusion-layout-column fusion_builder_column fusion-builder-column-4 fusion_builder_column_1_4 1_4 fusion-flex-column\" style=\"--awb-bg-size:cover;--awb-width-large:25%;--awb-margin-top-large:0px;--awb-spacing-right-large:7.68%;--awb-margin-bottom-large:0px;--awb-spacing-left-large:7.68%;--awb-width-medium:100%;--awb-spacing-right-medium:1.92%;--awb-spacing-left-medium:1.92%;--awb-width-small:100%;--awb-spacing-right-small:1.92%;--awb-spacing-left-small:1.92%;\"><div class=\"fusion-column-wrapper fusion-column-has-shadow fusion-flex-justify-content-flex-start fusion-content-layout-column\"><div class=\"accordian fusion-accordian\" style=\"--awb-border-size:1px;--awb-icon-size:14px;--awb-content-font-size:14px;--awb-icon-alignment:left;--awb-hover-color:#f9f9f9;--awb-border-color:#ffffff;--awb-background-color:#008866;--awb-divider-color:#3e3e3e;--awb-divider-hover-color:#3e3e3e;--awb-icon-color:#ffffff;--awb-title-color:#000000;--awb-content-color:#000000;--awb-icon-box-color:#3e3e3e;--awb-toggle-hover-accent-color:#008866;--awb-title-font-family:&quot;Raleway&quot;;--awb-title-font-weight:400;--awb-title-font-style:normal;--awb-title-font-size:19px;--awb-content-font-family:&quot;Raleway&quot;;--awb-content-font-style:normal;--awb-content-font-weight:300;\"><div class=\"panel-group fusion-toggle-icon-boxed\" id=\"accordion-4840-3\"><div class=\"fusion-panel panel-default panel-985258e399c21f1fd fusion-toggle-no-divider fusion-toggle-boxed-mode\"><div class=\"panel-heading\"><h4 class=\"panel-title toggle\" id=\"toggle_985258e399c21f1fd\"><a aria-expanded=\"false\" aria-controls=\"985258e399c21f1fd\" role=\"button\" data-toggle=\"collapse\" data-target=\"#985258e399c21f1fd\" href=\"#985258e399c21f1fd\"><span class=\"fusion-toggle-icon-wrapper\" aria-hidden=\"true\"><i class=\"fa-fusion-box active-icon awb-icon-minus\" aria-hidden=\"true\"><\/i><i class=\"fa-fusion-box inactive-icon awb-icon-plus\" aria-hidden=\"true\"><\/i><\/span><span class=\"fusion-toggle-heading\">Croissance - Engraissement<\/span><\/a><\/h4><\/div><div id=\"985258e399c21f1fd\" class=\"panel-collapse collapse \" aria-labelledby=\"toggle_985258e399c21f1fd\"><div class=\"panel-body toggle-content fusion-clearfix\">\n<p><span style=\"font-size: 14pt; color: #000000;\"><span class=\"s1\">Les aliments Liquid Feed peuvent aider vos bovins \u00e0 l&rsquo;engraissement \u00e0 atteindre des gains de poids \u00e9lev\u00e9s et la conformation attendue, en optimisant les fermentations ruminales.<\/span><\/span><\/p>\n<ul>\n<li><span class=\"s1\" style=\"font-size: 14pt; color: #000000;\">apport d&rsquo;\u00e9nergie et azote solubles<\/span><\/li>\n<li class=\"p1\"><span class=\"s1\" style=\"font-size: 14pt; color: #000000;\">ingestion soutenue et tri de la ration r\u00e9duit <\/span><\/li>\n<li class=\"p1\"><span class=\"s1\" style=\"font-size: 14pt; color: #000000;\">am\u00e9lioration de la digestibilit\u00e9 des fourrages<\/span><\/li>\n<li class=\"p1\"><span class=\"s1\" style=\"font-size: 14pt; color: #000000;\">r\u00e9duction de la poussi\u00e8re de la ration<\/span><\/li>\n<\/ul>\n<\/div><\/div><\/div><\/div><\/div><\/div><\/div><div class=\"fusion-layout-column fusion_builder_column fusion-builder-column-5 fusion_builder_column_1_4 1_4 fusion-flex-column\" style=\"--awb-bg-size:cover;--awb-width-large:25%;--awb-margin-top-large:0px;--awb-spacing-right-large:7.68%;--awb-margin-bottom-large:0px;--awb-spacing-left-large:7.68%;--awb-width-medium:100%;--awb-spacing-right-medium:1.92%;--awb-spacing-left-medium:1.92%;--awb-width-small:100%;--awb-spacing-right-small:1.92%;--awb-spacing-left-small:1.92%;\"><div class=\"fusion-column-wrapper fusion-column-has-shadow fusion-flex-justify-content-flex-start fusion-content-layout-column\"><div class=\"accordian fusion-accordian\" style=\"--awb-border-size:1px;--awb-icon-size:14px;--awb-content-font-size:14px;--awb-icon-alignment:left;--awb-hover-color:#f9f9f9;--awb-border-color:#ffffff;--awb-background-color:#008866;--awb-divider-color:#3e3e3e;--awb-divider-hover-color:#3e3e3e;--awb-icon-color:#ffffff;--awb-title-color:#000000;--awb-content-color:#000000;--awb-icon-box-color:#3e3e3e;--awb-toggle-hover-accent-color:#008866;--awb-title-font-family:&quot;Raleway&quot;;--awb-title-font-weight:400;--awb-title-font-style:normal;--awb-title-font-size:19px;--awb-content-font-family:&quot;Raleway&quot;;--awb-content-font-style:normal;--awb-content-font-weight:300;\"><div class=\"panel-group fusion-toggle-icon-boxed\" id=\"accordion-4840-4\"><div class=\"fusion-panel panel-default panel-41169772938b9e451 fusion-toggle-no-divider fusion-toggle-boxed-mode\"><div class=\"panel-heading\"><h4 class=\"panel-title toggle\" id=\"toggle_41169772938b9e451\"><a aria-expanded=\"false\" aria-controls=\"41169772938b9e451\" role=\"button\" data-toggle=\"collapse\" data-target=\"#41169772938b9e451\" href=\"#41169772938b9e451\"><span class=\"fusion-toggle-icon-wrapper\" aria-hidden=\"true\"><i class=\"fa-fusion-box active-icon awb-icon-minus\" aria-hidden=\"true\"><\/i><i class=\"fa-fusion-box inactive-icon awb-icon-plus\" aria-hidden=\"true\"><\/i><\/span><span class=\"fusion-toggle-heading\">Finition<\/span><\/a><\/h4><\/div><div id=\"41169772938b9e451\" class=\"panel-collapse collapse \" aria-labelledby=\"toggle_41169772938b9e451\"><div class=\"panel-body toggle-content fusion-clearfix\"><span style=\"font-size: 14pt; color: #000000;\"><span class=\"s1\">Les produits Liquid Feed sont particuli\u00e8rement recommand\u00e9s pour pr\u00e9parer des rations tr\u00e8s app\u00e9tentes et riches en \u00e9nergie qui favorisent un d\u00e9p\u00f4t de gras de couverture et intramusculaire ad\u00e9quat.<\/span><\/span><\/p>\n<ul>\n<li><span class=\"s1\" style=\"font-size: 14pt; color: #000000;\">apport d&rsquo;\u00e9nergie concentr\u00e9e, s\u00fbre et non acidog\u00e8ne<\/span><\/li>\n<li class=\"p1\"><span class=\"s1\" style=\"font-size: 14pt; color: #000000;\">am\u00e9lioration de l&rsquo;app\u00e9tence de la ration<\/span><\/li>\n<li><span class=\"s1\" style=\"font-size: 14pt; color: #000000;\">soutien des niveaux \u00e9lev\u00e9s d&rsquo;ingestion de mati\u00e8re s\u00e8che<\/span><\/li>\n<\/ul>\n<\/div><\/div><\/div><\/div><\/div><\/div><\/div><\/div><\/div><\/div><div class=\"fusion-bg-parallax\" data-bg-align=\"center center\" data-direction=\"down\" data-mute=\"false\" data-opacity=\"100\" data-velocity=\"-0.3\" data-mobile-enabled=\"true\" data-break_parents=\"0\" data-bg-image=\"https:\/\/liquidfeed-france.com\/wp-content\/uploads\/2020\/09\/large-background-beef-1024x946.jpg\" data-bg-repeat=\"false\" data-bg-color=\"#e9edf4\" ><\/div><div class=\"fusion-fullwidth fullwidth-box fusion-builder-row-4 fusion-flex-container fusion-parallax-down nonhundred-percent-fullwidth hundred-percent-height hundred-percent-height-center-content non-hundred-percent-height-scrolling lazyload\" style=\"--awb-border-radius-top-left:0px;--awb-border-radius-top-right:0px;--awb-border-radius-bottom-right:0px;--awb-border-radius-bottom-left:0px;--awb-padding-top:50px;--awb-padding-bottom:50px;--awb-background-color:#e9edf4;--awb-background-size:cover;--awb-flex-wrap:wrap;\" data-bg=\"https:\/\/liquidfeed-france.com\/wp-content\/uploads\/2020\/09\/large-background-beef-1024x946.jpg\" ><div class=\"fusion-builder-row fusion-row fusion-flex-align-items-flex-start fusion-flex-align-content-center fusion-flex-content-wrap\" style=\"max-width:calc( 80% + 0px );margin-left: calc(-0px \/ 2 );margin-right: calc(-0px \/ 2 );\"><div class=\"fusion-layout-column fusion_builder_column fusion-builder-column-6 fusion_builder_column_1_1 1_1 fusion-flex-column\" style=\"--awb-bg-size:cover;--awb-width-large:100%;--awb-margin-top-large:0px;--awb-spacing-right-large:0px;--awb-margin-bottom-large:0px;--awb-spacing-left-large:0px;--awb-width-medium:100%;--awb-spacing-right-medium:0px;--awb-spacing-left-medium:0px;--awb-width-small:100%;--awb-spacing-right-small:0px;--awb-spacing-left-small:0px;\"><div class=\"fusion-column-wrapper fusion-flex-justify-content-center fusion-content-layout-column\"><div class=\"fusion-separator fusion-full-width-sep\" style=\"align-self: center;margin-left: auto;margin-right: auto;width:100%;\"><\/div><div class=\"fusion-text fusion-text-3\"><h2 style=\"text-align: center; color: #fff;\"><\/h2>\n<p style=\"text-align: center; color: #fff; font-size: 22px; line-height: 30px;\"><span style=\"color: #ffffff; font-size: 24pt;\">VOUS SOUHAITEZ PLUS D&rsquo;INFORMATIONS SUR NOS PRODUITS POUR BOVINS VIANDES?<\/span><\/p>\n<\/div><div class=\"fusion-separator fusion-full-width-sep\" style=\"align-self: center;margin-left: auto;margin-right: auto;margin-top:30px;margin-bottom:10px;width:100%;\"><\/div><div style=\"text-align:center;\"><a class=\"fusion-button button-flat button-large button-default fusion-button-default button-1 fusion-button-default-span fusion-button-default-type\" target=\"_blank\" rel=\"noopener noreferrer\" href=\"\/fr\/contact\/\"><span class=\"fusion-button-text awb-button__text awb-button__text--default\">Nous contacter<\/span><\/a><\/div><\/div><\/div><\/div><\/div><\/p>\n","protected":false},"excerpt":{"rendered":"","protected":false},"author":3,"featured_media":0,"parent":4842,"menu_order":0,"comment_status":"closed","ping_status":"closed","template":"100-width.php","meta":{"footnotes":""},"class_list":["post-4840","page","type-page","status-publish","hentry"],"aioseo_notices":[],"_links":{"self":[{"href":"https:\/\/liquidfeed-france.com\/fr\/wp-json\/wp\/v2\/pages\/4840","targetHints":{"allow":["GET"]}}],"collection":[{"href":"https:\/\/liquidfeed-france.com\/fr\/wp-json\/wp\/v2\/pages"}],"about":[{"href":"https:\/\/liquidfeed-france.com\/fr\/wp-json\/wp\/v2\/types\/page"}],"author":[{"embeddable":true,"href":"https:\/\/liquidfeed-france.com\/fr\/wp-json\/wp\/v2\/users\/3"}],"replies":[{"embeddable":true,"href":"https:\/\/liquidfeed-france.com\/fr\/wp-json\/wp\/v2\/comments?post=4840"}],"version-history":[{"count":0,"href":"https:\/\/liquidfeed-france.com\/fr\/wp-json\/wp\/v2\/pages\/4840\/revisions"}],"up":[{"embeddable":true,"href":"https:\/\/liquidfeed-france.com\/fr\/wp-json\/wp\/v2\/pages\/4842"}],"wp:attachment":[{"href":"https:\/\/liquidfeed-france.com\/fr\/wp-json\/wp\/v2\/media?parent=4840"}],"curies":[{"name":"wp","href":"https:\/\/api.w.org\/{rel}","templated":true}]}}