{"id":4836,"date":"2018-12-19T11:25:18","date_gmt":"2018-12-19T11:25:18","guid":{"rendered":"https:\/\/liquidfeed-france.com\/materiel-utilisation-en-ferme\/"},"modified":"2018-12-19T11:25:18","modified_gmt":"2018-12-19T11:25:18","slug":"materiel-utilisation-en-ferme","status":"publish","type":"page","link":"https:\/\/liquidfeed-france.com\/fr\/materiel-utilisation-en-ferme\/","title":{"rendered":"Materiel &#8211; utilisation en ferme"},"content":{"rendered":"<p><div class=\"fusion-bg-parallax\" data-bg-align=\"center center\" data-direction=\"down\" data-mute=\"false\" data-opacity=\"100\" data-velocity=\"-0.5\" data-mobile-enabled=\"false\" data-break_parents=\"0\" data-bg-image=\"https:\/\/liquidfeed-france.com\/\/wp-content\/uploads\/2019\/10\/Banner-OnFarm.jpg\" data-bg-repeat=\"false\" data-bg-color=\"#ffffff\" ><\/div><div class=\"fusion-fullwidth fullwidth-box fusion-builder-row-1 fusion-flex-container fusion-parallax-down hundred-percent-fullwidth non-hundred-percent-height-scrolling lazyload\" style=\"--awb-border-color:#e9edf4;--awb-border-radius-top-left:0px;--awb-border-radius-top-right:0px;--awb-border-radius-bottom-right:0px;--awb-border-radius-bottom-left:0px;--awb-padding-top:7%;--awb-padding-right:5%;--awb-padding-bottom:7%;--awb-padding-left:5%;--awb-background-color:#ffffff;--awb-background-size:cover;--awb-border-sizes-top:0px;--awb-border-sizes-bottom:0px;--awb-flex-wrap:wrap;\" data-bg=\"https:\/\/liquidfeed-france.com\/\/wp-content\/uploads\/2019\/10\/Banner-OnFarm.jpg\" ><div class=\"fusion-builder-row fusion-row fusion-flex-align-items-flex-start fusion-flex-content-wrap\" style=\"width:calc( 100% + 0px ) !important;max-width:calc( 100% + 0px ) !important;margin-left: calc(-0px \/ 2 );margin-right: calc(-0px \/ 2 );\"><div class=\"fusion-layout-column fusion_builder_column fusion-builder-column-0 fusion_builder_column_1_1 1_1 fusion-flex-column fusion-flex-align-self-flex-start fusion-column-no-min-height\" style=\"--awb-bg-size:cover;--awb-width-large:100%;--awb-margin-top-large:0px;--awb-spacing-right-large:0px;--awb-margin-bottom-large:0px;--awb-spacing-left-large:0px;--awb-width-medium:100%;--awb-spacing-right-medium:0px;--awb-spacing-left-medium:0px;--awb-width-small:100%;--awb-spacing-right-small:0px;--awb-spacing-left-small:0px;\"><div class=\"fusion-column-wrapper fusion-flex-justify-content-flex-start fusion-content-layout-column\"><div class=\"fusion-text fusion-text-1\"><h3 style=\"text-align: center;\"><span style=\"color: #fff; font-size: 24pt;\"> MATERIEL &#8211; UTILISATION EN FERME<\/span><\/h3>\n<\/div><\/div><\/div><\/div><\/div><div id=\"storage-solutions\" class=\"fusion-container-anchor\"><div class=\"fusion-fullwidth fullwidth-box fusion-builder-row-2 fusion-flex-container nonhundred-percent-fullwidth non-hundred-percent-height-scrolling\" style=\"--awb-background-position:left top;--awb-border-color:#ffffff;--awb-border-radius-top-left:0px;--awb-border-radius-top-right:0px;--awb-border-radius-bottom-right:0px;--awb-border-radius-bottom-left:0px;--awb-padding-top:0px;--awb-padding-right:0px;--awb-padding-bottom:0px;--awb-padding-left:0px;--awb-background-color:#ffffff;--awb-border-sizes-top:0px;--awb-border-sizes-bottom:0px;--awb-flex-wrap:wrap;\" ><div class=\"fusion-builder-row fusion-row fusion-flex-align-items-stretch fusion-flex-content-wrap\" style=\"max-width:calc( 80% + 0px );margin-left: calc(-0px \/ 2 );margin-right: calc(-0px \/ 2 );\"><div class=\"fusion-layout-column fusion_builder_column fusion-builder-column-1 fusion_builder_column_1_2 1_2 fusion-flex-column\" style=\"--awb-padding-top:10%;--awb-padding-right:10%;--awb-padding-bottom:10%;--awb-bg-size:cover;--awb-width-large:50%;--awb-margin-top-large:0px;--awb-spacing-right-large:0px;--awb-margin-bottom-large:0px;--awb-spacing-left-large:0px;--awb-width-medium:100%;--awb-spacing-right-medium:0px;--awb-spacing-left-medium:0px;--awb-width-small:100%;--awb-spacing-right-small:0px;--awb-spacing-left-small:0px;\"><div class=\"fusion-column-wrapper fusion-column-has-shadow fusion-flex-justify-content-flex-start fusion-content-layout-column\"><div class=\"fusion-title title fusion-title-1 fusion-sep-none fusion-title-center fusion-title-text fusion-title-size-three\"><h3 class=\"fusion-title-heading title-heading-center fusion-responsive-typography-calculated\" style=\"margin:0;--fontSize:22;line-height:1.3;\"><p style=\"text-align: left;\"><span style=\"color: #000000; font-size: 18pt;\">SOLUTIONS DE DISTRIBUTION ET STOCKAGE<\/span><\/p><\/h3><\/div><div class=\"fusion-separator fusion-full-width-sep\" style=\"align-self: center;margin-left: auto;margin-right: auto;margin-top:0px;margin-bottom:30px;width:100%;\"><\/div><div class=\"fusion-text fusion-text-2\"><p><span style=\"font-size: 14pt;\">Gr\u00e2ce \u00e0 notre expertise et la s\u00e9lection rigoureuse de nos ingr\u00e9dients produits dans le Groupe, nous avons d\u00e9velopp\u00e9 des aliments liquides uniques par leur grande fluidit\u00e9 et stabilit\u00e9 toute l\u2019ann\u00e9e.<\/span><\/p>\n<p><span style=\"font-size: 14pt;\">En parall\u00e8le, nous avons mis au point avec Renson Elevage, le KIT LIQUID FEED, une solution logistique innovante \u00e0 moindre co\u00fbt, pour faciliter l\u2019int\u00e9gration des aliments liquides dans la m\u00e9langeuse.<\/span><\/p>\n<p><span style=\"font-size: 14pt;\">Cette solution \u00e9conomique et pratique vous permet de diminuer les d\u00e9chets, gagner en confort de travail, mais aussi de gagner du temps sur l\u2019exploitation.<\/span><\/p>\n<p><span style=\"font-size: 14pt;\">Contactez l\u2019\u00e9quipe pour connaitre nos offres de pompe, t\u00e9l\u00e9commande, potence ou cuve.<\/span><\/p>\n<p><span style=\"font-size: 14pt;\">Notre vision est de rendre l\u2019aliment LIQUID FEED le plus simple d\u2019utilisation dans la ration\u00a0!<\/span><\/p>\n<p class=\"p1\"><span style=\"color: #0000ff;\"><a style=\"color: #0000ff;\" href=\"\/fr\/contact\/\" rel=\"noopener noreferrer\"><span class=\"s1\" style=\"font-size: 14pt;\">&gt; Nous contacter<\/span><\/a><\/span><\/p>\n<\/div><\/div><\/div><div class=\"fusion-layout-column fusion_builder_column fusion-builder-column-2 fusion_builder_column_1_2 1_2 fusion-flex-column fusion-animated\" style=\"--awb-padding-top:10%;--awb-padding-bottom:10%;--awb-bg-size:cover;--awb-width-large:50%;--awb-margin-top-large:0px;--awb-spacing-right-large:0px;--awb-margin-bottom-large:0px;--awb-spacing-left-large:0px;--awb-width-medium:100%;--awb-spacing-right-medium:0px;--awb-spacing-left-medium:0px;--awb-width-small:100%;--awb-spacing-right-small:0px;--awb-spacing-left-small:0px;\" data-animationType=\"fadeInUp\" data-animationDuration=\"0.3\" data-animationOffset=\"top-mid-of-view\"><div class=\"fusion-column-wrapper fusion-column-has-shadow fusion-flex-justify-content-center fusion-content-layout-column\"><div class=\"fusion-image-element \" style=\"--awb-max-width:1200px;--awb-caption-title-font-family:var(--h2_typography-font-family);--awb-caption-title-font-weight:var(--h2_typography-font-weight);--awb-caption-title-font-style:var(--h2_typography-font-style);--awb-caption-title-size:var(--h2_typography-font-size);--awb-caption-title-transform:var(--h2_typography-text-transform);--awb-caption-title-line-height:var(--h2_typography-line-height);--awb-caption-title-letter-spacing:var(--h2_typography-letter-spacing);\"><span class=\" fusion-imageframe imageframe-none imageframe-1 hover-type-none\"><img decoding=\"async\" width=\"1024\" height=\"513\" title=\"Kit complet Liquid Feed avec logos\" src=\"https:\/\/liquidfeed-france.com\/wp-content\/uploads\/2021\/09\/Kit-complet-Liquid-Feed-avec-logos-.png\" data-orig-src=\"https:\/\/liquidfeed-france.com\/wp-content\/uploads\/2021\/09\/Kit-complet-Liquid-Feed-avec-logos--1024x513.png\" alt class=\"lazyload img-responsive wp-image-5172\" srcset=\"data:image\/svg+xml,%3Csvg%20xmlns%3D%27http%3A%2F%2Fwww.w3.org%2F2000%2Fsvg%27%20width%3D%271362%27%20height%3D%27682%27%20viewBox%3D%270%200%201362%20682%27%3E%3Crect%20width%3D%271362%27%20height%3D%27682%27%20fill-opacity%3D%220%22%2F%3E%3C%2Fsvg%3E\" data-srcset=\"https:\/\/liquidfeed-france.com\/wp-content\/uploads\/2021\/09\/Kit-complet-Liquid-Feed-avec-logos--200x100.png 200w, https:\/\/liquidfeed-france.com\/wp-content\/uploads\/2021\/09\/Kit-complet-Liquid-Feed-avec-logos--400x200.png 400w, https:\/\/liquidfeed-france.com\/wp-content\/uploads\/2021\/09\/Kit-complet-Liquid-Feed-avec-logos--600x300.png 600w, https:\/\/liquidfeed-france.com\/wp-content\/uploads\/2021\/09\/Kit-complet-Liquid-Feed-avec-logos--800x401.png 800w, https:\/\/liquidfeed-france.com\/wp-content\/uploads\/2021\/09\/Kit-complet-Liquid-Feed-avec-logos--1200x601.png 1200w, https:\/\/liquidfeed-france.com\/wp-content\/uploads\/2021\/09\/Kit-complet-Liquid-Feed-avec-logos-.png 1362w\" data-sizes=\"auto\" data-orig-sizes=\"(max-width: 1024px) 100vw, (max-width: 640px) 100vw, 1024px\" \/><\/span><\/div><\/div><\/div><\/div><\/div><\/div><div class=\"fusion-fullwidth fullwidth-box fusion-builder-row-3 fusion-flex-container hundred-percent-fullwidth non-hundred-percent-height-scrolling\" style=\"--awb-border-radius-top-left:0px;--awb-border-radius-top-right:0px;--awb-border-radius-bottom-right:0px;--awb-border-radius-bottom-left:0px;--awb-flex-wrap:wrap;\" ><div class=\"fusion-builder-row fusion-row fusion-flex-align-items-flex-start fusion-flex-content-wrap\" style=\"width:calc( 100% + 0px ) !important;max-width:calc( 100% + 0px ) !important;margin-left: calc(-0px \/ 2 );margin-right: calc(-0px \/ 2 );\"><div class=\"fusion-layout-column fusion_builder_column fusion-builder-column-3 fusion_builder_column_1_1 1_1 fusion-flex-column\" style=\"--awb-bg-size:cover;--awb-width-large:100%;--awb-margin-top-large:0px;--awb-spacing-right-large:0px;--awb-margin-bottom-large:0px;--awb-spacing-left-large:0px;--awb-width-medium:100%;--awb-spacing-right-medium:0px;--awb-spacing-left-medium:0px;--awb-width-small:100%;--awb-spacing-right-small:0px;--awb-spacing-left-small:0px;\"><div class=\"fusion-column-wrapper fusion-column-has-shadow fusion-flex-justify-content-flex-start fusion-content-layout-column\"><div class=\"fusion-video fusion-selfhosted-video\" style=\"max-width:100%;\"><div class=\"video-wrapper\"><video playsinline=\"true\" width=\"100%\" style=\"object-fit: cover;\" autoplay=\"true\" muted=\"true\" loop=\"true\" preload=\"auto\" controls=\"1\"><source src=\"\/wp-content\/uploads\/video\/kit-liquid-feed.mp4\" type=\"video\/mp4\">Sorry, your browser doesn&#039;t support embedded videos.<\/video><\/div><\/div><\/div><\/div><\/div><\/div>\n<div id=\"delivery-farm\" class=\"fusion-container-anchor\"><div class=\"fusion-bg-parallax\" data-bg-align=\"center center\" data-direction=\"down\" data-mute=\"false\" data-opacity=\"100\" data-velocity=\"-0.3\" data-mobile-enabled=\"false\" data-break_parents=\"0\" data-bg-image=\"https:\/\/liquidfeed-france.com\/wp-content\/uploads\/2019\/12\/Delivery-background-1024x475.jpg\" data-bg-repeat=\"false\" data-bg-color=\"#e9edf4\" ><\/div><div class=\"fusion-fullwidth fullwidth-box fusion-builder-row-4 fusion-flex-container fusion-parallax-down nonhundred-percent-fullwidth non-hundred-percent-height-scrolling lazyload\" style=\"--awb-border-color:#ffffff;--awb-border-radius-top-left:0px;--awb-border-radius-top-right:0px;--awb-border-radius-bottom-right:0px;--awb-border-radius-bottom-left:0px;--awb-padding-top:0px;--awb-padding-right:0px;--awb-padding-bottom:0px;--awb-padding-left:0px;--awb-background-color:#e9edf4;--awb-background-size:cover;--awb-border-sizes-top:0px;--awb-border-sizes-bottom:0px;--awb-flex-wrap:wrap;\" data-bg=\"https:\/\/liquidfeed-france.com\/wp-content\/uploads\/2019\/12\/Delivery-background-1024x475.jpg\" ><div class=\"fusion-builder-row fusion-row fusion-flex-align-items-stretch fusion-flex-content-wrap\" style=\"max-width:calc( 80% + 0px );margin-left: calc(-0px \/ 2 );margin-right: calc(-0px \/ 2 );\"><div class=\"fusion-layout-column fusion_builder_column fusion-builder-column-4 fusion_builder_column_1_2 1_2 fusion-flex-column\" style=\"--awb-padding-top:10%;--awb-padding-bottom:10%;--awb-bg-size:cover;--awb-width-large:50%;--awb-margin-top-large:0px;--awb-spacing-right-large:0px;--awb-margin-bottom-large:0px;--awb-spacing-left-large:0px;--awb-width-medium:100%;--awb-spacing-right-medium:0px;--awb-spacing-left-medium:0px;--awb-width-small:100%;--awb-spacing-right-small:0px;--awb-spacing-left-small:0px;\"><div class=\"fusion-column-wrapper fusion-column-has-shadow fusion-flex-justify-content-flex-start fusion-content-layout-column\"><div class=\"fusion-image-element \" style=\"--awb-max-width:1200px;--awb-caption-title-font-family:var(--h2_typography-font-family);--awb-caption-title-font-weight:var(--h2_typography-font-weight);--awb-caption-title-font-style:var(--h2_typography-font-style);--awb-caption-title-size:var(--h2_typography-font-size);--awb-caption-title-transform:var(--h2_typography-text-transform);--awb-caption-title-line-height:var(--h2_typography-line-height);--awb-caption-title-letter-spacing:var(--h2_typography-letter-spacing);\"><span class=\" fusion-imageframe imageframe-none imageframe-2 hover-type-none fusion-animated\" data-animationType=\"fadeInUp\" data-animationDuration=\"0.3\" data-animationOffset=\"top-mid-of-view\"><img decoding=\"async\" width=\"1024\" height=\"606\" title=\"truckLFF-v2\" src=\"https:\/\/liquidfeed-france.com\/wp-content\/uploads\/2020\/09\/truckLFF-v2.jpg\" data-orig-src=\"https:\/\/liquidfeed-france.com\/wp-content\/uploads\/2020\/09\/truckLFF-v2.jpg\" alt class=\"lazyload img-responsive wp-image-5155\" srcset=\"data:image\/svg+xml,%3Csvg%20xmlns%3D%27http%3A%2F%2Fwww.w3.org%2F2000%2Fsvg%27%20width%3D%271024%27%20height%3D%27606%27%20viewBox%3D%270%200%201024%20606%27%3E%3Crect%20width%3D%271024%27%20height%3D%27606%27%20fill-opacity%3D%220%22%2F%3E%3C%2Fsvg%3E\" data-srcset=\"https:\/\/liquidfeed-france.com\/wp-content\/uploads\/2020\/09\/truckLFF-v2-200x118.jpg 200w, https:\/\/liquidfeed-france.com\/wp-content\/uploads\/2020\/09\/truckLFF-v2-400x237.jpg 400w, https:\/\/liquidfeed-france.com\/wp-content\/uploads\/2020\/09\/truckLFF-v2-600x355.jpg 600w, https:\/\/liquidfeed-france.com\/wp-content\/uploads\/2020\/09\/truckLFF-v2-800x473.jpg 800w, https:\/\/liquidfeed-france.com\/wp-content\/uploads\/2020\/09\/truckLFF-v2.jpg 1024w\" data-sizes=\"auto\" data-orig-sizes=\"(max-width: 1024px) 100vw, (max-width: 640px) 100vw, 1024px\" \/><\/span><\/div><\/div><\/div><div class=\"fusion-layout-column fusion_builder_column fusion-builder-column-5 fusion_builder_column_1_2 1_2 fusion-flex-column\" style=\"--awb-padding-top:10%;--awb-padding-bottom:10%;--awb-padding-left:10%;--awb-bg-size:cover;--awb-width-large:50%;--awb-margin-top-large:0px;--awb-spacing-right-large:0px;--awb-margin-bottom-large:0px;--awb-spacing-left-large:0px;--awb-width-medium:100%;--awb-spacing-right-medium:0px;--awb-spacing-left-medium:0px;--awb-width-small:100%;--awb-spacing-right-small:0px;--awb-spacing-left-small:0px;\"><div class=\"fusion-column-wrapper fusion-column-has-shadow fusion-flex-justify-content-flex-start fusion-content-layout-column\"><div class=\"fusion-title title fusion-title-2 fusion-sep-none fusion-title-center fusion-title-text fusion-title-size-three\"><h3 class=\"fusion-title-heading title-heading-center fusion-responsive-typography-calculated\" style=\"margin:0;--fontSize:22;line-height:1.3;\"><p style=\"text-align: left;\"><span style=\"color: #ffffff; font-size: 18pt;\">LIVRAISON<\/span><\/p><\/h3><\/div><div class=\"fusion-separator fusion-full-width-sep\" style=\"align-self: center;margin-left: auto;margin-right: auto;margin-top:0px;margin-bottom:30px;width:100%;\"><\/div><div class=\"fusion-text fusion-text-3\"><p><span style=\"font-size: 14pt; color: #ffffff;\">Nos aliments liquides sont livr\u00e9s en camion-citerne de 2000 \u00e0 28 000 Litres<\/span><\/p>\n<p><span style=\"font-size: 14pt; color: #ffffff;\">Chaque jour, notre \u00e9quipe de logistique organise les livraisons de nos produits en ferme.<\/span><\/p>\n<\/div><\/div><\/div><\/div><\/div><\/div><div id=\"feeding\" class=\"fusion-container-anchor\"><div class=\"fusion-fullwidth fullwidth-box fusion-builder-row-5 fusion-flex-container nonhundred-percent-fullwidth non-hundred-percent-height-scrolling\" style=\"--awb-background-position:left top;--awb-border-color:#ffffff;--awb-border-radius-top-left:0px;--awb-border-radius-top-right:0px;--awb-border-radius-bottom-right:0px;--awb-border-radius-bottom-left:0px;--awb-padding-top:0px;--awb-padding-right:0px;--awb-padding-bottom:0px;--awb-padding-left:0px;--awb-background-color:#ffffff;--awb-border-sizes-top:0px;--awb-border-sizes-bottom:0px;--awb-flex-wrap:wrap;\" ><div class=\"fusion-builder-row fusion-row fusion-flex-align-items-stretch fusion-flex-content-wrap\" style=\"max-width:calc( 80% + 0px );margin-left: calc(-0px \/ 2 );margin-right: calc(-0px \/ 2 );\"><div class=\"fusion-layout-column fusion_builder_column fusion-builder-column-6 fusion_builder_column_1_2 1_2 fusion-flex-column\" style=\"--awb-padding-top:10%;--awb-padding-right:10%;--awb-padding-bottom:10%;--awb-bg-size:cover;--awb-width-large:50%;--awb-margin-top-large:0px;--awb-spacing-right-large:0px;--awb-margin-bottom-large:0px;--awb-spacing-left-large:0px;--awb-width-medium:100%;--awb-spacing-right-medium:0px;--awb-spacing-left-medium:0px;--awb-width-small:100%;--awb-spacing-right-small:0px;--awb-spacing-left-small:0px;\"><div class=\"fusion-column-wrapper fusion-column-has-shadow fusion-flex-justify-content-flex-start fusion-content-layout-column\"><div class=\"fusion-title title fusion-title-3 fusion-sep-none fusion-title-center fusion-title-text fusion-title-size-three\"><h3 class=\"fusion-title-heading title-heading-center fusion-responsive-typography-calculated\" style=\"margin:0;--fontSize:22;line-height:1.3;\"><p style=\"text-align: left;\"><span style=\"color: #000000; font-size: 18pt;\">UTILISATION DANS LA RATION<\/span><\/p><\/h3><\/div><div class=\"fusion-separator fusion-full-width-sep\" style=\"align-self: center;margin-left: auto;margin-right: auto;margin-top:0px;margin-bottom:30px;width:100%;\"><\/div><div class=\"fusion-text fusion-text-4\"><p class=\"p1\"><span class=\"s1\" style=\"font-size: 14pt; color: #000000;\">Obtenez des avantages significatifs en ajoutant des produits Liquid Feed directement dans la ration:<\/span><\/p>\n<ul>\n<li class=\"p2\"><span style=\"color: #000000;\"><span class=\"s1\" style=\"font-size: 14pt;\">app\u00e9tence accrue de la ration<\/span><\/span><\/li>\n<li class=\"p2\"><span style=\"color: #000000;\"><span class=\"s1\" style=\"font-size: 14pt;\"> r\u00e9partition homog\u00e8ne des nutriments<\/span><\/span><\/li>\n<li class=\"p2\"><span style=\"color: #000000;\"><span class=\"s1\" style=\"font-size: 14pt;\">r\u00e9duction de la poussi\u00e8re<\/span><\/span><\/li>\n<li class=\"p2\"><span style=\"color: #000000;\"><span class=\"s1\" style=\"font-size: 14pt;\">moins de tri \u00e0 l&rsquo;auge<\/span><\/span><\/li>\n<\/ul>\n<p><span style=\"font-size: 14pt; color: #000000;\">\u00a0<\/span><\/p>\n<\/div><\/div><\/div><div class=\"fusion-layout-column fusion_builder_column fusion-builder-column-7 fusion_builder_column_1_2 1_2 fusion-flex-column fusion-animated\" style=\"--awb-padding-top:10%;--awb-padding-bottom:10%;--awb-bg-size:cover;--awb-width-large:50%;--awb-margin-top-large:0px;--awb-spacing-right-large:0px;--awb-margin-bottom-large:0px;--awb-spacing-left-large:0px;--awb-width-medium:100%;--awb-spacing-right-medium:0px;--awb-spacing-left-medium:0px;--awb-width-small:100%;--awb-spacing-right-small:0px;--awb-spacing-left-small:0px;\" data-animationType=\"fadeInUp\" data-animationDuration=\"0.3\" data-animationOffset=\"top-mid-of-view\"><div class=\"fusion-column-wrapper fusion-column-has-shadow fusion-flex-justify-content-flex-start fusion-content-layout-column\"><div class=\"fusion-image-element \" style=\"--awb-max-width:1200px;--awb-caption-title-font-family:var(--h2_typography-font-family);--awb-caption-title-font-weight:var(--h2_typography-font-weight);--awb-caption-title-font-style:var(--h2_typography-font-style);--awb-caption-title-size:var(--h2_typography-font-size);--awb-caption-title-transform:var(--h2_typography-text-transform);--awb-caption-title-line-height:var(--h2_typography-line-height);--awb-caption-title-letter-spacing:var(--h2_typography-letter-spacing);\"><span class=\" fusion-imageframe imageframe-none imageframe-3 hover-type-none\"><img decoding=\"async\" width=\"1024\" height=\"683\" title=\"Our-difference-banner4\" src=\"https:\/\/liquidfeed-france.com\/wp-content\/uploads\/2020\/04\/Our-difference-banner4.jpg\" data-orig-src=\"https:\/\/liquidfeed-france.com\/wp-content\/uploads\/2020\/04\/Our-difference-banner4-1024x683.jpg\" alt class=\"lazyload img-responsive wp-image-5077\" srcset=\"data:image\/svg+xml,%3Csvg%20xmlns%3D%27http%3A%2F%2Fwww.w3.org%2F2000%2Fsvg%27%20width%3D%271200%27%20height%3D%27800%27%20viewBox%3D%270%200%201200%20800%27%3E%3Crect%20width%3D%271200%27%20height%3D%27800%27%20fill-opacity%3D%220%22%2F%3E%3C%2Fsvg%3E\" data-srcset=\"https:\/\/liquidfeed-france.com\/wp-content\/uploads\/2020\/04\/Our-difference-banner4-200x133.jpg 200w, https:\/\/liquidfeed-france.com\/wp-content\/uploads\/2020\/04\/Our-difference-banner4-400x267.jpg 400w, https:\/\/liquidfeed-france.com\/wp-content\/uploads\/2020\/04\/Our-difference-banner4-600x400.jpg 600w, https:\/\/liquidfeed-france.com\/wp-content\/uploads\/2020\/04\/Our-difference-banner4-800x533.jpg 800w, https:\/\/liquidfeed-france.com\/wp-content\/uploads\/2020\/04\/Our-difference-banner4.jpg 1200w\" data-sizes=\"auto\" data-orig-sizes=\"(max-width: 1024px) 100vw, (max-width: 640px) 100vw, 1024px\" \/><\/span><\/div><\/div><\/div><\/div><\/div><\/div><\/p>\n","protected":false},"excerpt":{"rendered":"","protected":false},"author":3,"featured_media":0,"parent":0,"menu_order":0,"comment_status":"closed","ping_status":"closed","template":"100-width.php","meta":{"footnotes":""},"class_list":["post-4836","page","type-page","status-publish","hentry"],"aioseo_notices":[],"_links":{"self":[{"href":"https:\/\/liquidfeed-france.com\/fr\/wp-json\/wp\/v2\/pages\/4836","targetHints":{"allow":["GET"]}}],"collection":[{"href":"https:\/\/liquidfeed-france.com\/fr\/wp-json\/wp\/v2\/pages"}],"about":[{"href":"https:\/\/liquidfeed-france.com\/fr\/wp-json\/wp\/v2\/types\/page"}],"author":[{"embeddable":true,"href":"https:\/\/liquidfeed-france.com\/fr\/wp-json\/wp\/v2\/users\/3"}],"replies":[{"embeddable":true,"href":"https:\/\/liquidfeed-france.com\/fr\/wp-json\/wp\/v2\/comments?post=4836"}],"version-history":[{"count":0,"href":"https:\/\/liquidfeed-france.com\/fr\/wp-json\/wp\/v2\/pages\/4836\/revisions"}],"wp:attachment":[{"href":"https:\/\/liquidfeed-france.com\/fr\/wp-json\/wp\/v2\/media?parent=4836"}],"curies":[{"name":"wp","href":"https:\/\/api.w.org\/{rel}","templated":true}]}}