{"id":4834,"date":"2018-12-19T11:17:21","date_gmt":"2018-12-19T11:17:21","guid":{"rendered":"https:\/\/liquidfeed-france.com\/a-propos-de-nous\/"},"modified":"2018-12-19T11:17:21","modified_gmt":"2018-12-19T11:17:21","slug":"a-propos-de-nous","status":"publish","type":"page","link":"https:\/\/liquidfeed-france.com\/fr\/a-propos-de-nous\/","title":{"rendered":"\u00c0 propos de nous"},"content":{"rendered":"<p><div class=\"fusion-bg-parallax\" data-bg-align=\"center center\" data-direction=\"down\" data-mute=\"false\" data-opacity=\"100\" data-velocity=\"-0.5\" data-mobile-enabled=\"true\" data-break_parents=\"0\" data-bg-image=\"https:\/\/liquidfeed-france.com\/\/wp-content\/uploads\/2019\/10\/Banner-Main.jpg\" data-bg-repeat=\"false\" data-bg-color=\"#ffffff\" ><\/div><div class=\"fusion-fullwidth fullwidth-box fusion-builder-row-1 fusion-flex-container faded-background fusion-parallax-down hundred-percent-fullwidth non-hundred-percent-height-scrolling lazyload\" style=\"--awb-border-color:#e9edf4;--awb-border-radius-top-left:0px;--awb-border-radius-top-right:0px;--awb-border-radius-bottom-right:0px;--awb-border-radius-bottom-left:0px;--awb-padding-top:7%;--awb-padding-right:5%;--awb-padding-bottom:7%;--awb-padding-left:5%;--awb-background-size:cover;--awb-border-sizes-top:0px;--awb-border-sizes-bottom:0px;--awb-flex-wrap:wrap;\" data-bg=\"https:\/\/liquidfeed-france.com\/\/wp-content\/uploads\/2019\/10\/Banner-Main.jpg\" ><div class=\"fullwidth-faded lazyload\" style=\"--awb-background-color:#ffffff;--awb-background-size:cover;\" data-bg=\"https:\/\/liquidfeed-france.com\/\/wp-content\/uploads\/2019\/10\/Banner-Main.jpg\" ><\/div><div class=\"fusion-builder-row fusion-row fusion-flex-align-items-flex-start fusion-flex-content-wrap\" style=\"width:calc( 100% + 0px ) !important;max-width:calc( 100% + 0px ) !important;margin-left: calc(-0px \/ 2 );margin-right: calc(-0px \/ 2 );\"><div class=\"fusion-layout-column fusion_builder_column fusion-builder-column-0 fusion_builder_column_1_1 1_1 fusion-flex-column fusion-flex-align-self-flex-start fusion-column-no-min-height\" style=\"--awb-bg-size:cover;--awb-width-large:100%;--awb-margin-top-large:0px;--awb-spacing-right-large:0px;--awb-margin-bottom-large:0px;--awb-spacing-left-large:0px;--awb-width-medium:100%;--awb-spacing-right-medium:0px;--awb-spacing-left-medium:0px;--awb-width-small:100%;--awb-spacing-right-small:0px;--awb-spacing-left-small:0px;\"><div class=\"fusion-column-wrapper fusion-flex-justify-content-flex-start fusion-content-layout-column\"><div class=\"fusion-text fusion-text-1\"><h3 style=\"text-align: center;\"><span style=\"color: #fff; font-size: 24pt;\">\u00c0 PROPOS DE NOUS<\/span><\/h3>\n<\/div><\/div><\/div><\/div><\/div><div id=\"THE-COMPANY\" class=\"fusion-container-anchor\"><div class=\"fusion-fullwidth fullwidth-box fusion-builder-row-2 fusion-flex-container nonhundred-percent-fullwidth non-hundred-percent-height-scrolling\" style=\"--awb-background-position:left top;--awb-border-color:#ffffff;--awb-border-radius-top-left:0px;--awb-border-radius-top-right:0px;--awb-border-radius-bottom-right:0px;--awb-border-radius-bottom-left:0px;--awb-padding-top:0px;--awb-padding-right:0px;--awb-padding-bottom:0px;--awb-padding-left:0px;--awb-background-color:#ffffff;--awb-border-sizes-top:0px;--awb-border-sizes-bottom:0px;--awb-flex-wrap:wrap;\" ><div class=\"fusion-builder-row fusion-row fusion-flex-align-items-stretch fusion-flex-content-wrap\" style=\"max-width:calc( 80% + 0px );margin-left: calc(-0px \/ 2 );margin-right: calc(-0px \/ 2 );\"><div class=\"fusion-layout-column fusion_builder_column fusion-builder-column-1 fusion_builder_column_1_2 1_2 fusion-flex-column\" style=\"--awb-padding-top:10%;--awb-padding-right:10%;--awb-padding-bottom:10%;--awb-bg-size:cover;--awb-width-large:50%;--awb-margin-top-large:0px;--awb-spacing-right-large:0px;--awb-margin-bottom-large:0px;--awb-spacing-left-large:0px;--awb-width-medium:100%;--awb-spacing-right-medium:0px;--awb-spacing-left-medium:0px;--awb-width-small:100%;--awb-spacing-right-small:0px;--awb-spacing-left-small:0px;\"><div class=\"fusion-column-wrapper fusion-flex-justify-content-flex-start fusion-content-layout-column\"><div class=\"fusion-title title fusion-title-1 fusion-sep-none fusion-title-center fusion-title-text fusion-title-size-three\"><h3 class=\"fusion-title-heading title-heading-center fusion-responsive-typography-calculated\" style=\"margin:0;--fontSize:22;line-height:1.3;\"><p style=\"text-align: left;\"><span style=\"color: #000000; font-size: 18pt;\">L&rsquo;ENTREPRISE<\/span><\/p><\/h3><\/div><div class=\"fusion-separator fusion-full-width-sep\" style=\"align-self: center;margin-left: auto;margin-right: auto;margin-top:0px;margin-bottom:30px;width:100%;\"><\/div><div class=\"fusion-text fusion-text-2\"><p><span style=\"color: #000000; font-size: 14pt;\">Liquid Feed France est issue du partenariat entre ED&amp;F Man, premier producteur mondial d&rsquo;aliments liquides pour ruminants et S\u00fcdzucker, leader en Europe dans le segment sucre.<\/span><\/p>\n<p><span style=\"color: #000000; font-size: 14pt;\">L&rsquo;entreprise a implant\u00e9 son atelier de fabrication \u00e0 Cagny (Calvados).<br \/>\n<\/span><\/p>\n<p><span style=\"color: #000000; font-size: 14pt;\">Liquid Feed France produit des aliments de qualit\u00e9 sans OGM, pens\u00e9s pour apporter des solutions sp\u00e9cifiques aux exigences nutritionnelles du troupeau.<br \/>\n<\/span><\/p>\n<\/div><\/div><\/div><div class=\"fusion-layout-column fusion_builder_column fusion-builder-column-2 fusion_builder_column_1_2 1_2 fusion-flex-column\" style=\"--awb-bg-size:cover;--awb-width-large:50%;--awb-margin-top-large:0px;--awb-spacing-right-large:0px;--awb-margin-bottom-large:0px;--awb-spacing-left-large:0px;--awb-width-medium:100%;--awb-spacing-right-medium:0px;--awb-spacing-left-medium:0px;--awb-width-small:100%;--awb-spacing-right-small:0px;--awb-spacing-left-small:0px;\"><div class=\"fusion-column-wrapper fusion-flex-justify-content-flex-start fusion-content-layout-column\"><div class=\"fusion-separator fusion-full-width-sep\" style=\"align-self: center;margin-left: auto;margin-right: auto;margin-top:0px;margin-bottom:30px;width:100%;\"><\/div><div class=\"fusion-image-element \" style=\"--awb-max-width:1200px;--awb-caption-title-font-family:var(--h2_typography-font-family);--awb-caption-title-font-weight:var(--h2_typography-font-weight);--awb-caption-title-font-style:var(--h2_typography-font-style);--awb-caption-title-size:var(--h2_typography-font-size);--awb-caption-title-transform:var(--h2_typography-text-transform);--awb-caption-title-line-height:var(--h2_typography-line-height);--awb-caption-title-letter-spacing:var(--h2_typography-letter-spacing);\"><span class=\" fusion-imageframe imageframe-none imageframe-1 hover-type-none fusion-animated\" data-animationType=\"fadeInUp\" data-animationDuration=\"0.3\" data-animationOffset=\"top-mid-of-view\"><img decoding=\"async\" width=\"1024\" height=\"606\" title=\"ED&#038;F Man-SUDZUCKER logos\" src=\"https:\/\/liquidfeed-france.com\/wp-content\/uploads\/2020\/08\/EDF-Man-SUDZUCKER-logos.jpg\" data-orig-src=\"https:\/\/liquidfeed-france.com\/wp-content\/uploads\/2020\/08\/EDF-Man-SUDZUCKER-logos.jpg\" alt class=\"lazyload img-responsive wp-image-5130\" srcset=\"data:image\/svg+xml,%3Csvg%20xmlns%3D%27http%3A%2F%2Fwww.w3.org%2F2000%2Fsvg%27%20width%3D%271024%27%20height%3D%27606%27%20viewBox%3D%270%200%201024%20606%27%3E%3Crect%20width%3D%271024%27%20height%3D%27606%27%20fill-opacity%3D%220%22%2F%3E%3C%2Fsvg%3E\" data-srcset=\"https:\/\/liquidfeed-france.com\/wp-content\/uploads\/2020\/08\/EDF-Man-SUDZUCKER-logos-200x118.jpg 200w, https:\/\/liquidfeed-france.com\/wp-content\/uploads\/2020\/08\/EDF-Man-SUDZUCKER-logos-400x237.jpg 400w, https:\/\/liquidfeed-france.com\/wp-content\/uploads\/2020\/08\/EDF-Man-SUDZUCKER-logos-600x355.jpg 600w, https:\/\/liquidfeed-france.com\/wp-content\/uploads\/2020\/08\/EDF-Man-SUDZUCKER-logos-800x473.jpg 800w, https:\/\/liquidfeed-france.com\/wp-content\/uploads\/2020\/08\/EDF-Man-SUDZUCKER-logos.jpg 1024w\" data-sizes=\"auto\" data-orig-sizes=\"(max-width: 1024px) 100vw, (max-width: 640px) 100vw, 1024px\" \/><\/span><\/div><div class=\"fusion-separator fusion-full-width-sep\" style=\"align-self: center;margin-left: auto;margin-right: auto;margin-top:0px;margin-bottom:30px;width:100%;\"><\/div><\/div><\/div><\/div><\/div><\/div><div id=\"LIQUIDFEED\" class=\"fusion-container-anchor\"><div class=\"fusion-bg-parallax\" data-bg-align=\"center center\" data-direction=\"down\" data-mute=\"false\" data-opacity=\"100\" data-velocity=\"-0.3\" data-mobile-enabled=\"true\" data-break_parents=\"0\" data-bg-image=\"https:\/\/liquidfeed-france.com\/\/wp-content\/uploads\/2019\/11\/about-us-4-1024x475.jpg\" data-bg-repeat=\"false\" data-bg-color=\"#edeff4\" ><\/div><div class=\"fusion-fullwidth fullwidth-box fusion-builder-row-3 fusion-flex-container fusion-parallax-down nonhundred-percent-fullwidth non-hundred-percent-height-scrolling lazyload\" style=\"--awb-border-color:#ffffff;--awb-border-radius-top-left:0px;--awb-border-radius-top-right:0px;--awb-border-radius-bottom-right:0px;--awb-border-radius-bottom-left:0px;--awb-padding-top:0px;--awb-padding-right:0px;--awb-padding-bottom:0px;--awb-padding-left:0px;--awb-background-color:#edeff4;--awb-background-size:cover;--awb-border-sizes-top:0px;--awb-border-sizes-bottom:0px;--awb-flex-wrap:wrap;\" data-bg=\"https:\/\/liquidfeed-france.com\/\/wp-content\/uploads\/2019\/11\/about-us-4-1024x475.jpg\" ><div class=\"fusion-builder-row fusion-row fusion-flex-align-items-stretch fusion-flex-content-wrap\" style=\"max-width:calc( 80% + 0px );margin-left: calc(-0px \/ 2 );margin-right: calc(-0px \/ 2 );\"><div class=\"fusion-layout-column fusion_builder_column fusion-builder-column-3 fusion_builder_column_1_2 1_2 fusion-flex-column\" style=\"--awb-padding-top:10%;--awb-padding-bottom:10%;--awb-bg-size:cover;--awb-width-large:50%;--awb-margin-top-large:0px;--awb-spacing-right-large:0px;--awb-margin-bottom-large:0px;--awb-spacing-left-large:0px;--awb-width-medium:100%;--awb-spacing-right-medium:0px;--awb-spacing-left-medium:0px;--awb-width-small:100%;--awb-spacing-right-small:0px;--awb-spacing-left-small:0px;\"><div class=\"fusion-column-wrapper fusion-flex-justify-content-flex-start fusion-content-layout-column\"><div class=\"fusion-image-element \" style=\"text-align:right;--awb-max-width:600px;--awb-caption-title-font-family:var(--h2_typography-font-family);--awb-caption-title-font-weight:var(--h2_typography-font-weight);--awb-caption-title-font-style:var(--h2_typography-font-style);--awb-caption-title-size:var(--h2_typography-font-size);--awb-caption-title-transform:var(--h2_typography-text-transform);--awb-caption-title-line-height:var(--h2_typography-line-height);--awb-caption-title-letter-spacing:var(--h2_typography-letter-spacing);\"><span class=\" fusion-imageframe imageframe-none imageframe-2 hover-type-none fusion-animated\" data-animationType=\"fadeInUp\" data-animationDuration=\"0.3\" data-animationOffset=\"top-mid-of-view\"><img decoding=\"async\" width=\"500\" height=\"263\" src=\"data:image\/svg+xml,%3Csvg%20xmlns%3D%27http%3A%2F%2Fwww.w3.org%2F2000%2Fsvg%27%20width%3D%27500%27%20height%3D%27263%27%20viewBox%3D%270%200%20500%20263%27%3E%3Crect%20width%3D%27500%27%20height%3D%27263%27%20fill-opacity%3D%220%22%2F%3E%3C%2Fsvg%3E\" data-orig-src=\"https:\/\/liquidfeed-france.com\/wp-content\/uploads\/2020\/09\/Logo-Liquid-Feed-vert-SLF-RVB-600px-e1599062163747.png\" alt class=\"lazyload img-responsive wp-image-5152\"\/><\/span><\/div><\/div><\/div><div class=\"fusion-layout-column fusion_builder_column fusion-builder-column-4 fusion_builder_column_1_2 1_2 fusion-flex-column\" style=\"--awb-padding-top:10%;--awb-padding-right:10%;--awb-padding-bottom:10%;--awb-bg-size:cover;--awb-width-large:50%;--awb-margin-top-large:0px;--awb-spacing-right-large:0px;--awb-margin-bottom-large:0px;--awb-spacing-left-large:0px;--awb-width-medium:100%;--awb-spacing-right-medium:0px;--awb-spacing-left-medium:0px;--awb-width-small:100%;--awb-spacing-right-small:0px;--awb-spacing-left-small:0px;\"><div class=\"fusion-column-wrapper fusion-column-has-shadow fusion-flex-justify-content-center fusion-content-layout-column\"><div class=\"fusion-title title fusion-title-2 fusion-sep-none fusion-title-center fusion-title-text fusion-title-size-three\"><h3 class=\"fusion-title-heading title-heading-center fusion-responsive-typography-calculated\" style=\"margin:0;--fontSize:22;line-height:1.3;\"><p style=\"text-align: left;\"><span style=\"color: #ffffff; font-size: 18pt;\">LIQUID FEED<\/span><\/p><\/h3><\/div><div class=\"fusion-separator fusion-full-width-sep\" style=\"align-self: center;margin-left: auto;margin-right: auto;margin-top:0px;margin-bottom:30px;width:100%;\"><\/div><div class=\"fusion-text fusion-text-3\"><p><span style=\"color: #ffffff; font-size: 14pt;\">Liquid Feed est la gamme d\u2019aliments liquides d\u00e9velopp\u00e9e par Liquid Feed France, l\u2019expert des sucres et azotes solubles pour la nutrition animale.<\/span><\/p>\n<\/div><\/div><\/div><\/div><\/div><\/div><div id=\"VALUES\" class=\"fusion-container-anchor\"><div class=\"fusion-fullwidth fullwidth-box fusion-builder-row-4 fusion-flex-container nonhundred-percent-fullwidth non-hundred-percent-height-scrolling\" style=\"--awb-background-position:left top;--awb-border-color:#ffffff;--awb-border-radius-top-left:0px;--awb-border-radius-top-right:0px;--awb-border-radius-bottom-right:0px;--awb-border-radius-bottom-left:0px;--awb-padding-top:0px;--awb-padding-right:0px;--awb-padding-bottom:0px;--awb-padding-left:0px;--awb-background-color:#ffffff;--awb-border-sizes-top:0px;--awb-border-sizes-bottom:0px;--awb-flex-wrap:wrap;\" ><div class=\"fusion-builder-row fusion-row fusion-flex-align-items-stretch fusion-flex-content-wrap\" style=\"max-width:calc( 80% + 0px );margin-left: calc(-0px \/ 2 );margin-right: calc(-0px \/ 2 );\"><div class=\"fusion-layout-column fusion_builder_column fusion-builder-column-5 fusion_builder_column_1_2 1_2 fusion-flex-column\" style=\"--awb-padding-top:10%;--awb-padding-right:10%;--awb-padding-bottom:10%;--awb-bg-size:cover;--awb-width-large:50%;--awb-margin-top-large:0px;--awb-spacing-right-large:0px;--awb-margin-bottom-large:0px;--awb-spacing-left-large:0px;--awb-width-medium:100%;--awb-spacing-right-medium:0px;--awb-spacing-left-medium:0px;--awb-width-small:100%;--awb-spacing-right-small:0px;--awb-spacing-left-small:0px;\"><div class=\"fusion-column-wrapper fusion-flex-justify-content-flex-start fusion-content-layout-column\"><div class=\"fusion-separator fusion-full-width-sep\" style=\"align-self: center;margin-left: auto;margin-right: auto;margin-top:0px;margin-bottom:30px;width:100%;\"><\/div><div class=\"fusion-title title fusion-title-3 fusion-sep-none fusion-title-center fusion-title-text fusion-title-size-three\"><h3 class=\"fusion-title-heading title-heading-center fusion-responsive-typography-calculated\" style=\"margin:0;--fontSize:22;line-height:1.3;\"><p style=\"text-align: left;\"><span style=\"color: #000000; font-size: 18pt;\">NOS VALEURS<\/span><\/p><\/h3><\/div><div class=\"fusion-separator fusion-full-width-sep\" style=\"align-self: center;margin-left: auto;margin-right: auto;margin-top:0px;margin-bottom:30px;width:100%;\"><\/div><div class=\"fusion-text fusion-text-4\"><ul>\n<li class=\"p1\"><span class=\"s1\" style=\"font-size: 14pt; color: #000000;\">Recherche et Innovation<\/span><\/li>\n<li class=\"p1\"><span class=\"s1\" style=\"font-size: 14pt; color: #000000;\">Efficacit\u00e9<\/span><\/li>\n<li class=\"p1\"><span class=\"s1\" style=\"font-size: 14pt; color: #000000;\">Service<\/span><\/li>\n<li class=\"p1\"><span class=\"s1\" style=\"font-size: 14pt; color: #000000;\">D\u00e9veloppement durable<\/span><\/li>\n<\/ul>\n<p class=\"p1\"><span style=\"color: #000000; font-size: 14pt;\"><span class=\"s1\">D\u00e9couvrez les implantations de nos activit\u00e9s d\u2019aliments liquides pour les ruminants sur la carte suivante &gt;<\/span><\/span><\/p>\n<\/div><\/div><\/div><div class=\"fusion-layout-column fusion_builder_column fusion-builder-column-6 fusion_builder_column_1_2 1_2 fusion-flex-column fusion-animated\" style=\"--awb-bg-size:cover;--awb-width-large:50%;--awb-margin-top-large:0px;--awb-spacing-right-large:0px;--awb-margin-bottom-large:0px;--awb-spacing-left-large:0px;--awb-width-medium:100%;--awb-spacing-right-medium:0px;--awb-spacing-left-medium:0px;--awb-width-small:100%;--awb-spacing-right-small:0px;--awb-spacing-left-small:0px;\" data-animationType=\"slideInLeft\" data-animationDuration=\"0.3\" data-animationOffset=\"top-mid-of-view\"><div class=\"fusion-column-wrapper fusion-column-has-shadow fusion-flex-justify-content-flex-start fusion-content-layout-column\"><div class=\"fusion-separator fusion-full-width-sep\" style=\"align-self: center;margin-left: auto;margin-right: auto;margin-top:0px;margin-bottom:30px;width:100%;\"><\/div><div class=\"fusion-title title fusion-title-4 fusion-sep-none fusion-title-center fusion-title-text fusion-title-size-three\"><h3 class=\"fusion-title-heading title-heading-center fusion-responsive-typography-calculated\" style=\"margin:0;--fontSize:22;line-height:1.3;\"><p style=\"text-align: left;\">    \t<div id=\"map-container\">\r\n        <div id=\"mapdiv\" data-lat=\"\" data-long=\"\" data-zoom=\"\" style=\"width: 100%; background-color:#EEEEEE; height: 500px;\"><\/div>\r\n        <div id=\"desc_overlay\" class=\"animated\">\r\n\t        <h2 class=\"pop_desc_title\"><\/h2><span id=\"ico_close\"><img class=\"lazyload\" decoding=\"async\" src=\"data:image\/gif;base64,R0lGODlhAQABAAAAACH5BAEKAAEALAAAAAABAAEAAAICTAEAOw==\" data-orig-src=\"https:\/\/liquidfeed-france.com\/wp-content\/plugins\/ideal-interactive-map\/img\/close.png\" align=\"middle\" \/><\/span>\r\n\t        <div id=\"overlay-content\"><\/p>\r\n\t        <\/div>\r\n        <\/div>\r\n    \t<\/div>\r\n    \t<div id=\"mapreadmore\">\r\n    \t<\/div> <\/h3><\/div><div class=\"fusion-separator fusion-full-width-sep\" style=\"align-self: center;margin-left: auto;margin-right: auto;margin-top:0px;margin-bottom:30px;width:100%;\"><\/div><\/div><\/div><\/div><\/div><\/div><\/p>\n","protected":false},"excerpt":{"rendered":"","protected":false},"author":3,"featured_media":0,"parent":0,"menu_order":0,"comment_status":"closed","ping_status":"closed","template":"100-width.php","meta":{"footnotes":""},"class_list":["post-4834","page","type-page","status-publish","hentry"],"aioseo_notices":[],"_links":{"self":[{"href":"https:\/\/liquidfeed-france.com\/fr\/wp-json\/wp\/v2\/pages\/4834","targetHints":{"allow":["GET"]}}],"collection":[{"href":"https:\/\/liquidfeed-france.com\/fr\/wp-json\/wp\/v2\/pages"}],"about":[{"href":"https:\/\/liquidfeed-france.com\/fr\/wp-json\/wp\/v2\/types\/page"}],"author":[{"embeddable":true,"href":"https:\/\/liquidfeed-france.com\/fr\/wp-json\/wp\/v2\/users\/3"}],"replies":[{"embeddable":true,"href":"https:\/\/liquidfeed-france.com\/fr\/wp-json\/wp\/v2\/comments?post=4834"}],"version-history":[{"count":0,"href":"https:\/\/liquidfeed-france.com\/fr\/wp-json\/wp\/v2\/pages\/4834\/revisions"}],"wp:attachment":[{"href":"https:\/\/liquidfeed-france.com\/fr\/wp-json\/wp\/v2\/media?parent=4834"}],"curies":[{"name":"wp","href":"https:\/\/api.w.org\/{rel}","templated":true}]}}