{"id":4829,"date":"2015-02-17T18:08:32","date_gmt":"2015-02-17T18:08:32","guid":{"rendered":"https:\/\/liquidfeed-france.com\/accueil\/"},"modified":"2024-09-03T11:31:27","modified_gmt":"2024-09-03T09:31:27","slug":"accueil","status":"publish","type":"page","link":"https:\/\/liquidfeed-france.com\/fr\/","title":{"rendered":"Accueil"},"content":{"rendered":"<p><div class=\"fusion-fullwidth fullwidth-box fusion-builder-row-1 fusion-flex-container nonhundred-percent-fullwidth non-hundred-percent-height-scrolling\" style=\"--awb-border-sizes-top:0px;--awb-border-sizes-bottom:0px;--awb-border-sizes-left:0px;--awb-border-sizes-right:0px;--awb-border-color:#ffffff;--awb-border-radius-top-left:0px;--awb-border-radius-top-right:0px;--awb-border-radius-bottom-right:0px;--awb-border-radius-bottom-left:0px;--awb-padding-top:80px;--awb-padding-bottom:80px;--awb-background-color:#ffffff;--awb-flex-wrap:wrap;\" ><div class=\"fusion-builder-row fusion-row fusion-flex-align-items-flex-start fusion-flex-content-wrap\" style=\"max-width:83.2%;margin-left: calc(-4% \/ 2 );margin-right: calc(-4% \/ 2 );\"><div class=\"fusion-layout-column fusion_builder_column fusion-builder-column-0 fusion_builder_column_1_1 1_1 fusion-flex-column fusion-flex-align-self-flex-start fusion-column-no-min-height fusion-animated\" style=\"--awb-bg-size:cover;--awb-width-large:100%;--awb-margin-top-large:0px;--awb-spacing-right-large:1.92%;--awb-margin-bottom-large:0px;--awb-spacing-left-large:1.92%;--awb-width-medium:100%;--awb-spacing-right-medium:1.92%;--awb-spacing-left-medium:1.92%;--awb-width-small:100%;--awb-spacing-right-small:1.92%;--awb-spacing-left-small:1.92%;\" data-animationType=\"fadeInUp\" data-animationDuration=\"0.4\" data-animationOffset=\"bottom-in-view\"><div class=\"fusion-column-wrapper fusion-column-has-shadow fusion-flex-justify-content-flex-start fusion-content-layout-column\"><div class=\"fusion-text fusion-text-1\"><p style=\"text-align: center;\"><span style=\"font-size: 26px; color: #008866;\">QUI SOMMES-NOUS?<\/span><\/p>\n<\/div><div class=\"fusion-text fusion-text-2\"><p style=\"text-align: center;\"><span style=\"font-size: 16pt;\">Chez Liquid Feed France nous sommes sp\u00e9cialis\u00e9s dans la fabrication d\u2019aliments compl\u00e9mentaires liquides pour ruminants.<br \/>\nNous offrons une gamme de formules uniques, riches en sucre diversifi\u00e9 et azote soluble.<br \/>\nNous proposons \u00e9galement des solutions innovantes qui rendent l\u2019aliment liquide tr\u00e8s facile d\u2019utilisation pour l\u2019\u00e9leveur.<\/span><\/p>\n<\/div><div class=\"fusion-separator fusion-full-width-sep\" style=\"align-self: center;margin-left: auto;margin-right: auto;margin-top:20px;width:100%;\"><\/div><\/div><\/div><\/div><\/div><div class=\"fusion-fullwidth fullwidth-box fusion-builder-row-2 fusion-flex-container hundred-percent-fullwidth non-hundred-percent-height-scrolling\" style=\"--awb-border-radius-top-left:0px;--awb-border-radius-top-right:0px;--awb-border-radius-bottom-right:0px;--awb-border-radius-bottom-left:0px;--awb-flex-wrap:wrap;\" ><div class=\"fusion-builder-row fusion-row fusion-flex-align-items-flex-start fusion-flex-content-wrap\" style=\"width:104% !important;max-width:104% !important;margin-left: calc(-4% \/ 2 );margin-right: calc(-4% \/ 2 );\"><div class=\"fusion-layout-column fusion_builder_column fusion-builder-column-1 fusion_builder_column_1_1 1_1 fusion-flex-column\" style=\"--awb-bg-size:cover;--awb-width-large:100%;--awb-margin-top-large:0px;--awb-spacing-right-large:1.92%;--awb-margin-bottom-large:0px;--awb-spacing-left-large:1.92%;--awb-width-medium:100%;--awb-spacing-right-medium:1.92%;--awb-spacing-left-medium:1.92%;--awb-width-small:100%;--awb-spacing-right-small:1.92%;--awb-spacing-left-small:1.92%;\"><div class=\"fusion-column-wrapper fusion-column-has-shadow fusion-flex-justify-content-flex-start fusion-content-layout-column\"><div class=\"fusion-video fusion-selfhosted-video\" style=\"max-width:100%;\"><div class=\"video-wrapper\"><video playsinline=\"true\" width=\"100%\" style=\"object-fit: cover;\" autoplay=\"true\" muted=\"true\" loop=\"true\" preload=\"auto\" controls=\"1\"><source src=\"\/wp-content\/uploads\/video\/liquid-feed-france-presentation-generale-converted.mp4\" type=\"video\/mp4\">Sorry, your browser doesn&#039;t support embedded videos.<\/video><\/div><\/div><\/div><\/div><\/div><\/div><div class=\"fusion-bg-parallax\" data-bg-align=\"center center\" data-direction=\"up\" data-mute=\"false\" data-opacity=\"100\" data-velocity=\"-0.3\" data-mobile-enabled=\"true\" data-break_parents=\"0\" data-bg-image=\"https:\/\/liquidfeed-france.com\/\/wp-content\/uploads\/2019\/11\/Main-backgroundV2-1024x475.jpg\" data-bg-repeat=\"false\" data-bg-color=\"#ffffff\" ><\/div><div class=\"fusion-fullwidth fullwidth-box fusion-builder-row-3 fusion-flex-container fusion-parallax-up nonhundred-percent-fullwidth non-hundred-percent-height-scrolling lazyload\" style=\"--awb-border-sizes-top:0px;--awb-border-sizes-bottom:0px;--awb-border-sizes-left:0px;--awb-border-sizes-right:0px;--awb-border-color:#ffffff;--awb-border-radius-top-left:0px;--awb-border-radius-top-right:0px;--awb-border-radius-bottom-right:0px;--awb-border-radius-bottom-left:0px;--awb-padding-top:80px;--awb-padding-bottom:0px;--awb-background-color:#ffffff;--awb-background-size:cover;--awb-flex-wrap:wrap;\" data-bg=\"https:\/\/liquidfeed-france.com\/\/wp-content\/uploads\/2019\/11\/Main-backgroundV2-1024x475.jpg\" ><div class=\"fusion-builder-row fusion-row fusion-flex-align-items-flex-start fusion-flex-content-wrap\" style=\"max-width:83.2%;margin-left: calc(-4% \/ 2 );margin-right: calc(-4% \/ 2 );\"><div class=\"fusion-layout-column fusion_builder_column fusion-builder-column-2 fusion_builder_column_1_1 1_1 fusion-flex-column fusion-flex-align-self-flex-start fusion-column-no-min-height fusion-animated\" style=\"--awb-bg-size:cover;--awb-width-large:100%;--awb-margin-top-large:0px;--awb-spacing-right-large:1.92%;--awb-margin-bottom-large:0px;--awb-spacing-left-large:1.92%;--awb-width-medium:100%;--awb-spacing-right-medium:1.92%;--awb-spacing-left-medium:1.92%;--awb-width-small:100%;--awb-spacing-right-small:1.92%;--awb-spacing-left-small:1.92%;\" data-animationType=\"fadeInUp\" data-animationDuration=\"0.4\" data-animationOffset=\"bottom-in-view\"><div class=\"fusion-column-wrapper fusion-column-has-shadow fusion-flex-justify-content-flex-start fusion-content-layout-column\"><div class=\"fusion-text fusion-text-3\"><p style=\"text-align: center;\"><span style=\"font-size: 26px; color: #fff;\">ESP\u00c8CES<\/span><\/p>\n<\/div><div class=\"fusion-text fusion-text-4\"><p style=\"text-align: center;\"><span style=\"font-size: 16pt; color: #ffffff;\"> D\u00e9couvrez les b\u00e9n\u00e9fices de nos produits pour votre troupeau<\/span><\/p>\n<\/div><div class=\"fusion-separator fusion-full-width-sep\" style=\"align-self: center;margin-left: auto;margin-right: auto;margin-top:20px;width:100%;\"><\/div><\/div><\/div><div class=\"fusion-layout-column fusion_builder_column fusion-builder-column-3 fusion_builder_column_1_3 1_3 fusion-flex-column fusion-animated\" style=\"--awb-bg-size:cover;--awb-width-large:33.333333333333%;--awb-margin-top-large:0px;--awb-spacing-right-large:5.76%;--awb-margin-bottom-large:0px;--awb-spacing-left-large:5.76%;--awb-width-medium:100%;--awb-spacing-right-medium:1.92%;--awb-spacing-left-medium:1.92%;--awb-width-small:100%;--awb-spacing-right-small:1.92%;--awb-spacing-left-small:1.92%;\" data-animationType=\"slideInRight\" data-animationDuration=\"0.3\" data-animationOffset=\"top-mid-of-view\"><div class=\"fusion-column-wrapper fusion-column-has-shadow fusion-flex-justify-content-flex-start fusion-content-layout-column\"><div class=\"fusion-image-element \" style=\"text-align:center;--awb-caption-title-font-family:var(--h2_typography-font-family);--awb-caption-title-font-weight:var(--h2_typography-font-weight);--awb-caption-title-font-style:var(--h2_typography-font-style);--awb-caption-title-size:var(--h2_typography-font-size);--awb-caption-title-transform:var(--h2_typography-text-transform);--awb-caption-title-line-height:var(--h2_typography-line-height);--awb-caption-title-letter-spacing:var(--h2_typography-letter-spacing);\"><span class=\" fusion-imageframe imageframe-none imageframe-1 hover-type-none\"><a class=\"fusion-no-lightbox\" href=\"\/fr\/our-products\/dairy-cows\/\" target=\"_self\" aria-label=\"Dairy-iconLFF-New\"><img decoding=\"async\" width=\"181\" height=\"181\" src=\"data:image\/svg+xml,%3Csvg%20xmlns%3D%27http%3A%2F%2Fwww.w3.org%2F2000%2Fsvg%27%20width%3D%27181%27%20height%3D%27181%27%20viewBox%3D%270%200%20181%20181%27%3E%3Crect%20width%3D%27181%27%20height%3D%27181%27%20fill-opacity%3D%220%22%2F%3E%3C%2Fsvg%3E\" data-orig-src=\"https:\/\/liquidfeed-france.com\/wp-content\/uploads\/2020\/09\/Dairy-iconLFF-New.png\" alt class=\"lazyload img-responsive wp-image-5145\"\/><\/a><\/span><\/div><div class=\"fusion-text fusion-text-5\"><p style=\"text-align: center;\"><span style=\"color: #fe6c22; font-size: 18pt;\"><a style=\"color: #fff;\" href=\"\/fr\/our-products\/dairy-cows\/\">Vaches Laiti\u00e8res<\/a><\/span><\/p>\n<\/div><\/div><\/div><div class=\"fusion-layout-column fusion_builder_column fusion-builder-column-4 fusion_builder_column_1_3 1_3 fusion-flex-column fusion-animated\" style=\"--awb-bg-size:cover;--awb-width-large:33.333333333333%;--awb-margin-top-large:0px;--awb-spacing-right-large:5.76%;--awb-margin-bottom-large:0px;--awb-spacing-left-large:5.76%;--awb-width-medium:100%;--awb-spacing-right-medium:1.92%;--awb-spacing-left-medium:1.92%;--awb-width-small:100%;--awb-spacing-right-small:1.92%;--awb-spacing-left-small:1.92%;\" data-animationType=\"slideInRight\" data-animationDuration=\"0.3\" data-animationOffset=\"top-mid-of-view\"><div class=\"fusion-column-wrapper fusion-column-has-shadow fusion-flex-justify-content-flex-start fusion-content-layout-column\"><div class=\"fusion-image-element \" style=\"text-align:center;--awb-caption-title-font-family:var(--h2_typography-font-family);--awb-caption-title-font-weight:var(--h2_typography-font-weight);--awb-caption-title-font-style:var(--h2_typography-font-style);--awb-caption-title-size:var(--h2_typography-font-size);--awb-caption-title-transform:var(--h2_typography-text-transform);--awb-caption-title-line-height:var(--h2_typography-line-height);--awb-caption-title-letter-spacing:var(--h2_typography-letter-spacing);\"><span class=\" fusion-imageframe imageframe-none imageframe-2 hover-type-none\"><a class=\"fusion-no-lightbox\" href=\"\/fr\/our-products\/beef-cattle\/\" target=\"_self\" aria-label=\"Beef-iconLFF\"><img decoding=\"async\" width=\"181\" height=\"181\" src=\"data:image\/svg+xml,%3Csvg%20xmlns%3D%27http%3A%2F%2Fwww.w3.org%2F2000%2Fsvg%27%20width%3D%27181%27%20height%3D%27181%27%20viewBox%3D%270%200%20181%20181%27%3E%3Crect%20width%3D%27181%27%20height%3D%27181%27%20fill-opacity%3D%220%22%2F%3E%3C%2Fsvg%3E\" data-orig-src=\"https:\/\/liquidfeed-france.com\/wp-content\/uploads\/2020\/08\/Beef-iconLFF.png\" alt class=\"lazyload img-responsive wp-image-5128\"\/><\/a><\/span><\/div><div class=\"fusion-text fusion-text-6\"><p style=\"text-align: center;\"><span style=\"color: #fe6c22; font-size: 18pt;\"><a style=\"color: #fff;\" href=\"\/fr\/our-products\/beef-cattle\/\">Bovins Viande<\/a><\/span><\/p>\n<\/div><\/div><\/div><div class=\"fusion-layout-column fusion_builder_column fusion-builder-column-5 fusion_builder_column_1_3 1_3 fusion-flex-column fusion-animated\" style=\"--awb-bg-size:cover;--awb-width-large:33.333333333333%;--awb-margin-top-large:0px;--awb-spacing-right-large:5.76%;--awb-margin-bottom-large:0px;--awb-spacing-left-large:5.76%;--awb-width-medium:100%;--awb-spacing-right-medium:1.92%;--awb-spacing-left-medium:1.92%;--awb-width-small:100%;--awb-spacing-right-small:1.92%;--awb-spacing-left-small:1.92%;\" data-animationType=\"slideInRight\" data-animationDuration=\"0.3\" data-animationOffset=\"top-mid-of-view\"><div class=\"fusion-column-wrapper fusion-column-has-shadow fusion-flex-justify-content-flex-start fusion-content-layout-column\"><div class=\"fusion-image-element \" style=\"text-align:center;--awb-caption-title-font-family:var(--h2_typography-font-family);--awb-caption-title-font-weight:var(--h2_typography-font-weight);--awb-caption-title-font-style:var(--h2_typography-font-style);--awb-caption-title-size:var(--h2_typography-font-size);--awb-caption-title-transform:var(--h2_typography-text-transform);--awb-caption-title-line-height:var(--h2_typography-line-height);--awb-caption-title-letter-spacing:var(--h2_typography-letter-spacing);\"><span class=\" fusion-imageframe imageframe-none imageframe-3 hover-type-none\"><a class=\"fusion-no-lightbox\" href=\"\/fr\/our-products\/sheep\/\" target=\"_self\" aria-label=\"Sheep-Goat-IconLFF-2\"><img decoding=\"async\" width=\"181\" height=\"181\" src=\"data:image\/svg+xml,%3Csvg%20xmlns%3D%27http%3A%2F%2Fwww.w3.org%2F2000%2Fsvg%27%20width%3D%27181%27%20height%3D%27181%27%20viewBox%3D%270%200%20181%20181%27%3E%3Crect%20width%3D%27181%27%20height%3D%27181%27%20fill-opacity%3D%220%22%2F%3E%3C%2Fsvg%3E\" data-orig-src=\"https:\/\/liquidfeed-france.com\/wp-content\/uploads\/2020\/09\/Sheep-Goat-IconLFF-2.png\" alt class=\"lazyload img-responsive wp-image-5147\"\/><\/a><\/span><\/div><div class=\"fusion-text fusion-text-7\"><p style=\"text-align: center;\"><span style=\"color: #fe6c22; font-size: 18pt;\"><a style=\"color: #fff;\" href=\"\/fr\/our-products\/sheep\/\">Ovins &#8211; Caprins<\/a><\/span><\/p>\n<\/div><\/div><\/div><\/div><\/div><div class=\"fusion-fullwidth fullwidth-box fusion-builder-row-4 fusion-flex-container nonhundred-percent-fullwidth non-hundred-percent-height-scrolling\" style=\"--awb-background-position:left top;--awb-border-sizes-top:0px;--awb-border-sizes-bottom:0px;--awb-border-sizes-left:0px;--awb-border-sizes-right:0px;--awb-border-color:#ffffff;--awb-border-radius-top-left:0px;--awb-border-radius-top-right:0px;--awb-border-radius-bottom-right:0px;--awb-border-radius-bottom-left:0px;--awb-padding-top:80px;--awb-padding-right:0px;--awb-padding-bottom:80px;--awb-padding-left:0px;--awb-background-color:#ffffff;--awb-flex-wrap:wrap;\" ><div class=\"fusion-builder-row fusion-row fusion-flex-align-items-stretch fusion-flex-content-wrap\" style=\"max-width:83.2%;margin-left: calc(-4% \/ 2 );margin-right: calc(-4% \/ 2 );\"><div class=\"fusion-layout-column fusion_builder_column fusion-builder-column-6 fusion_builder_column_1_1 1_1 fusion-flex-column\" style=\"--awb-bg-size:cover;--awb-width-large:100%;--awb-margin-top-large:0px;--awb-spacing-right-large:1.92%;--awb-margin-bottom-large:0px;--awb-spacing-left-large:1.92%;--awb-width-medium:100%;--awb-spacing-right-medium:1.92%;--awb-spacing-left-medium:1.92%;--awb-width-small:100%;--awb-spacing-right-small:1.92%;--awb-spacing-left-small:1.92%;\"><div class=\"fusion-column-wrapper fusion-column-has-shadow fusion-flex-justify-content-flex-start fusion-content-layout-column\"><div class=\"fusion-text fusion-text-8\"><p style=\"text-align: center;\"><span style=\"font-size: 26px; color: #008866;\">NOS ACTUALIT\u00c9S<\/span><\/p>\n<\/div><div class=\"fusion-separator fusion-full-width-sep\" style=\"align-self: center;margin-left: auto;margin-right: auto;margin-top:20px;width:100%;\"><\/div><div class=\"fusion-recent-posts fusion-recent-posts-1 avada-container layout-default layout-columns-3\"><section class=\"fusion-columns columns fusion-columns-3 columns-3\"><article class=\"post fusion-column column col col-lg-4 col-md-4 col-sm-4\"><div class=\"fusion-flexslider fusion-flexslider-loading flexslider flexslider-hover-type-none\"><ul class=\"slides\"><li><a href=\"https:\/\/liquidfeed-france.com\/fr\/on-parle-sucres-sur-conseil-en-agriculture\/\" aria-label=\"On parle SUCRES sur Conseil en Agriculture !\" class=\"hover-type-none\"><img decoding=\"async\" width=\"700\" height=\"441\" src=\"https:\/\/liquidfeed-france.com\/wp-content\/uploads\/2024\/03\/sucrerationvachelaitiere-700x441.jpg\" class=\"attachment-recent-posts size-recent-posts lazyload\" alt=\"\" srcset=\"data:image\/svg+xml,%3Csvg%20xmlns%3D%27http%3A%2F%2Fwww.w3.org%2F2000%2Fsvg%27%20width%3D%271000%27%20height%3D%27660%27%20viewBox%3D%270%200%201000%20660%27%3E%3Crect%20width%3D%271000%27%20height%3D%27660%27%20fill-opacity%3D%220%22%2F%3E%3C%2Fsvg%3E\" data-orig-src=\"https:\/\/liquidfeed-france.com\/wp-content\/uploads\/2024\/03\/sucrerationvachelaitiere-700x441.jpg\" data-srcset=\"https:\/\/liquidfeed-france.com\/wp-content\/uploads\/2024\/03\/sucrerationvachelaitiere-320x202.jpg 320w, https:\/\/liquidfeed-france.com\/wp-content\/uploads\/2024\/03\/sucrerationvachelaitiere-700x441.jpg 700w\" data-sizes=\"auto\" \/><\/a><\/li><\/ul><\/div><div class=\"recent-posts-content\"><span class=\"vcard\" style=\"display: none;\"><span class=\"fn\"><a href=\"https:\/\/liquidfeed-france.com\/fr\/author\/ciprian-voicu\/\" title=\"Articles par Liquid Feed France\" rel=\"author\">Liquid Feed France<\/a><\/span><\/span><span class=\"updated\" style=\"display:none;\">2024-09-03T11:36:02+02:00<\/span><h4 class=\"entry-title\"><a href=\"https:\/\/liquidfeed-france.com\/fr\/on-parle-sucres-sur-conseil-en-agriculture\/\">On parle SUCRES sur Conseil en Agriculture !<\/a><\/h4><p class=\"meta\"><span class=\"vcard\" style=\"display: none;\"><span class=\"fn\"><a href=\"https:\/\/liquidfeed-france.com\/fr\/author\/ciprian-voicu\/\" title=\"Articles par Liquid Feed France\" rel=\"author\">Liquid Feed France<\/a><\/span><\/span><span class=\"updated\" style=\"display:none;\">2024-09-03T11:36:02+02:00<\/span><span>26\/03\/2024<\/span><span class=\"fusion-inline-sep\">|<\/span><\/p><p>L\u2019importance des sucres dans une ration fait l\u2019objet d\u2019une publication que vous trouverez sur Conseil en Agriculture qui vous apportera des informations techniques. De plus, un calculateur gratuit est \u00e0 votre disposition sur le site pour conna\u00eetre l\u2019apport en sucres de votre ration.<\/p><\/div><\/article><article class=\"post fusion-column column col col-lg-4 col-md-4 col-sm-4\"><div class=\"fusion-flexslider fusion-flexslider-loading flexslider flexslider-hover-type-none\"><ul class=\"slides\"><li><a href=\"https:\/\/liquidfeed-france.com\/fr\/kit-liquid-feed-notre-solution-logistique-innovante\/\" aria-label=\"KIT LIQUID FEED : NOTRE SOLUTION LOGISTIQUE INNOVANTE\" class=\"hover-type-none\"><img decoding=\"async\" width=\"700\" height=\"441\" src=\"https:\/\/liquidfeed-france.com\/wp-content\/uploads\/2021\/09\/Kit-complet-Liquid-Feed-avec-logos-new-700x441.jpg\" class=\"attachment-recent-posts size-recent-posts lazyload\" alt=\"\" srcset=\"data:image\/svg+xml,%3Csvg%20xmlns%3D%27http%3A%2F%2Fwww.w3.org%2F2000%2Fsvg%27%20width%3D%27800%27%20height%3D%27572%27%20viewBox%3D%270%200%20800%20572%27%3E%3Crect%20width%3D%27800%27%20height%3D%27572%27%20fill-opacity%3D%220%22%2F%3E%3C%2Fsvg%3E\" data-orig-src=\"https:\/\/liquidfeed-france.com\/wp-content\/uploads\/2021\/09\/Kit-complet-Liquid-Feed-avec-logos-new-700x441.jpg\" data-srcset=\"https:\/\/liquidfeed-france.com\/wp-content\/uploads\/2021\/09\/Kit-complet-Liquid-Feed-avec-logos-new-320x202.jpg 320w, https:\/\/liquidfeed-france.com\/wp-content\/uploads\/2021\/09\/Kit-complet-Liquid-Feed-avec-logos-new-700x441.jpg 700w\" data-sizes=\"auto\" \/><\/a><\/li><\/ul><\/div><div class=\"recent-posts-content\"><span class=\"vcard\" style=\"display: none;\"><span class=\"fn\"><a href=\"https:\/\/liquidfeed-france.com\/fr\/author\/steve-keylock\/\" title=\"Articles par Liquid Feed France\" rel=\"author\">Liquid Feed France<\/a><\/span><\/span><span class=\"updated\" style=\"display:none;\">2024-09-03T11:38:46+02:00<\/span><h4 class=\"entry-title\"><a href=\"https:\/\/liquidfeed-france.com\/fr\/kit-liquid-feed-notre-solution-logistique-innovante\/\">KIT LIQUID FEED : NOTRE SOLUTION LOGISTIQUE INNOVANTE<\/a><\/h4><p class=\"meta\"><span class=\"vcard\" style=\"display: none;\"><span class=\"fn\"><a href=\"https:\/\/liquidfeed-france.com\/fr\/author\/steve-keylock\/\" title=\"Articles par Liquid Feed France\" rel=\"author\">Liquid Feed France<\/a><\/span><\/span><span class=\"updated\" style=\"display:none;\">2024-09-03T11:38:46+02:00<\/span><span>21\/09\/2021<\/span><span class=\"fusion-inline-sep\">|<\/span><\/p><p>Selon les \u00e9leveurs, le probl\u00e8me de n\u2019importe quel aliment liquide est essentiellement sa complexit\u00e9 d\u2019utilisation : transport en seau ou en godet, difficult\u00e9 d\u2019int\u00e9gration dans la m\u00e9langeuse ou dans la ration, l\u2019aliment liquide n\u2019est pas pratique.<\/p><\/div><\/article><article class=\"post fusion-column column col col-lg-4 col-md-4 col-sm-4\"><div class=\"fusion-flexslider fusion-flexslider-loading flexslider flexslider-hover-type-none\"><ul class=\"slides\"><li><a href=\"https:\/\/liquidfeed-france.com\/fr\/sucrexpert\/\" aria-label=\"Sucr\u2019expert\" class=\"hover-type-none\"><img decoding=\"async\" width=\"700\" height=\"441\" src=\"https:\/\/liquidfeed-france.com\/wp-content\/uploads\/2020\/04\/Sucrexpert-700x441.jpg\" class=\"attachment-recent-posts size-recent-posts lazyload\" alt=\"\" srcset=\"data:image\/svg+xml,%3Csvg%20xmlns%3D%27http%3A%2F%2Fwww.w3.org%2F2000%2Fsvg%27%20width%3D%27800%27%20height%3D%27572%27%20viewBox%3D%270%200%20800%20572%27%3E%3Crect%20width%3D%27800%27%20height%3D%27572%27%20fill-opacity%3D%220%22%2F%3E%3C%2Fsvg%3E\" data-orig-src=\"https:\/\/liquidfeed-france.com\/wp-content\/uploads\/2020\/04\/Sucrexpert-700x441.jpg\" data-srcset=\"https:\/\/liquidfeed-france.com\/wp-content\/uploads\/2020\/04\/Sucrexpert-320x202.jpg 320w, https:\/\/liquidfeed-france.com\/wp-content\/uploads\/2020\/04\/Sucrexpert-700x441.jpg 700w\" data-sizes=\"auto\" \/><\/a><\/li><\/ul><\/div><div class=\"recent-posts-content\"><span class=\"vcard\" style=\"display: none;\"><span class=\"fn\"><a href=\"https:\/\/liquidfeed-france.com\/fr\/author\/steve-keylock\/\" title=\"Articles par Liquid Feed France\" rel=\"author\">Liquid Feed France<\/a><\/span><\/span><span class=\"updated\" style=\"display:none;\">2024-09-03T11:37:40+02:00<\/span><h4 class=\"entry-title\"><a href=\"https:\/\/liquidfeed-france.com\/fr\/sucrexpert\/\">Sucr\u2019expert<\/a><\/h4><p class=\"meta\"><span class=\"vcard\" style=\"display: none;\"><span class=\"fn\"><a href=\"https:\/\/liquidfeed-france.com\/fr\/author\/steve-keylock\/\" title=\"Articles par Liquid Feed France\" rel=\"author\">Liquid Feed France<\/a><\/span><\/span><span class=\"updated\" style=\"display:none;\">2024-09-03T11:37:40+02:00<\/span><span>21\/09\/2020<\/span><span class=\"fusion-inline-sep\">|<\/span><\/p><p>Liquid Feed France a lanc\u00e9 une nouvelle recette unique dans le march\u00e9 des aliments liquides\u00a0: SUCR\u2019EXPERT. Son objectif est de valoriser les fourrages en optimisant l\u2019ensemble des fermentations microbiennes avec 6 types de sucres diff\u00e9rents.<\/p><\/div><\/article><\/section><\/div><div style=\"text-align:center;\"><a class=\"fusion-button button-flat button-large button-default fusion-button-default button-1 fusion-button-default-span fusion-button-default-type\" target=\"_self\" href=\"\/fr\/news\/\"><span class=\"fusion-button-text awb-button__text awb-button__text--default\">Plus d&rsquo;infos &gt;<\/span><\/a><\/div><\/div><\/div><\/div><\/div><\/p>\n","protected":false},"excerpt":{"rendered":"","protected":false},"author":3,"featured_media":0,"parent":0,"menu_order":0,"comment_status":"closed","ping_status":"open","template":"100-width.php","meta":{"footnotes":""},"class_list":["post-4829","page","type-page","status-publish","hentry"],"aioseo_notices":[],"_links":{"self":[{"href":"https:\/\/liquidfeed-france.com\/fr\/wp-json\/wp\/v2\/pages\/4829","targetHints":{"allow":["GET"]}}],"collection":[{"href":"https:\/\/liquidfeed-france.com\/fr\/wp-json\/wp\/v2\/pages"}],"about":[{"href":"https:\/\/liquidfeed-france.com\/fr\/wp-json\/wp\/v2\/types\/page"}],"author":[{"embeddable":true,"href":"https:\/\/liquidfeed-france.com\/fr\/wp-json\/wp\/v2\/users\/3"}],"replies":[{"embeddable":true,"href":"https:\/\/liquidfeed-france.com\/fr\/wp-json\/wp\/v2\/comments?post=4829"}],"version-history":[{"count":0,"href":"https:\/\/liquidfeed-france.com\/fr\/wp-json\/wp\/v2\/pages\/4829\/revisions"}],"wp:attachment":[{"href":"https:\/\/liquidfeed-france.com\/fr\/wp-json\/wp\/v2\/media?parent=4829"}],"curies":[{"name":"wp","href":"https:\/\/api.w.org\/{rel}","templated":true}]}}